{"id":116,"date":"2024-02-23T15:40:50","date_gmt":"2024-02-23T14:40:50","guid":{"rendered":"https:\/\/assoisfa.fr\/?page_id=116"},"modified":"2024-02-23T15:40:50","modified_gmt":"2024-02-23T14:40:50","slug":"actualites","status":"publish","type":"page","link":"https:\/\/assoisfa.fr\/index.php\/actualites\/","title":{"rendered":"Actualit\u00e9s"},"content":{"rendered":"\n<p>Retrouvez ici les :<\/p>\n\n\n\n<ul class=\"wp-block-list\">\n<li>actualit\u00e9s des alumni ISFA<\/li>\n\n\n\n<li>le carnet des membres<\/li>\n\n\n\n<li>l&#8217;agenda des prochains \u00e9v\u00e9n\u00e9ments<\/li>\n<\/ul>\n","protected":false},"excerpt":{"rendered":"<p>Retrouvez ici les :<\/p>\n","protected":false},"author":1,"featured_media":0,"parent":0,"menu_order":0,"comment_status":"closed","ping_status":"closed","template":"","meta":{"colormag_page_container_layout":"default_layout","colormag_page_sidebar_layout":"default_layout","footnotes":""},"class_list":["post-116","page","type-page","status-publish","hentry"],"yoast_head":"<!-- This site is optimized with the Yoast SEO plugin v26.1.1 - https:\/\/yoast.com\/wordpress\/plugins\/seo\/ -->\n<title>Actualit\u00e9s - ALUMNI ISFA<\/title>\n<meta name=\"robots\" content=\"index, follow, max-snippet:-1, max-image-preview:large, max-video-preview:-1\" \/>\n<link rel=\"canonical\" href=\"https:\/\/assoisfa.fr\/index.php\/actualites\/\" \/>\n<meta property=\"og:locale\" content=\"fr_FR\" \/>\n<meta property=\"og:type\" content=\"article\" \/>\n<meta property=\"og:title\" content=\"Actualit\u00e9s - ALUMNI ISFA\" \/>\n<meta property=\"og:description\" content=\"Retrouvez ici les :\" \/>\n<meta property=\"og:url\" content=\"https:\/\/assoisfa.fr\/index.php\/actualites\/\" \/>\n<meta property=\"og:site_name\" content=\"ALUMNI ISFA\" \/>\n<meta name=\"twitter:card\" content=\"summary_large_image\" \/>\n<meta name=\"twitter:label1\" content=\"Dur\u00e9e de lecture estim\u00e9e\" \/>\n\t<meta name=\"twitter:data1\" content=\"1 minute\" \/>\n<script type=\"application\/ld+json\" class=\"yoast-schema-graph\">{\"@context\":\"https:\/\/schema.org\",\"@graph\":[{\"@type\":\"WebPage\",\"@id\":\"https:\/\/assoisfa.fr\/index.php\/actualites\/\",\"url\":\"https:\/\/assoisfa.fr\/index.php\/actualites\/\",\"name\":\"Actualit\u00e9s - ALUMNI ISFA\",\"isPartOf\":{\"@id\":\"https:\/\/assoisfa.fr\/#website\"},\"datePublished\":\"2024-02-23T14:40:50+00:00\",\"breadcrumb\":{\"@id\":\"https:\/\/assoisfa.fr\/index.php\/actualites\/#breadcrumb\"},\"inLanguage\":\"fr-FR\",\"potentialAction\":[{\"@type\":\"ReadAction\",\"target\":[\"https:\/\/assoisfa.fr\/index.php\/actualites\/\"]}]},{\"@type\":\"BreadcrumbList\",\"@id\":\"https:\/\/assoisfa.fr\/index.php\/actualites\/#breadcrumb\",\"itemListElement\":[{\"@type\":\"ListItem\",\"position\":1,\"name\":\"Accueil\",\"item\":\"https:\/\/assoisfa.fr\/\"},{\"@type\":\"ListItem\",\"position\":2,\"name\":\"Actualit\u00e9s\"}]},{\"@type\":\"WebSite\",\"@id\":\"https:\/\/assoisfa.fr\/#website\",\"url\":\"https:\/\/assoisfa.fr\/\",\"name\":\"Site des anciens \u00e9l\u00e8ves, alumni de l'ISFA\",\"description\":\"Bienvenue sur le r\u00e9seau des Alumni de l&#039;ISFA\",\"publisher\":{\"@id\":\"https:\/\/assoisfa.fr\/#organization\"},\"potentialAction\":[{\"@type\":\"SearchAction\",\"target\":{\"@type\":\"EntryPoint\",\"urlTemplate\":\"https:\/\/assoisfa.fr\/?s={search_term_string}\"},\"query-input\":{\"@type\":\"PropertyValueSpecification\",\"valueRequired\":true,\"valueName\":\"search_term_string\"}}],\"inLanguage\":\"fr-FR\"},{\"@type\":\"Organization\",\"@id\":\"https:\/\/assoisfa.fr\/#organization\",\"name\":\"Association ISFA\",\"url\":\"https:\/\/assoisfa.fr\/\",\"logo\":{\"@type\":\"ImageObject\",\"inLanguage\":\"fr-FR\",\"@id\":\"https:\/\/assoisfa.fr\/#\/schema\/logo\/image\/\",\"url\":\"https:\/\/assoisfa.fr\/wp-content\/uploads\/2024\/03\/cropped-cropped-logo-asso-isfa-removebg-preview.png\",\"contentUrl\":\"https:\/\/assoisfa.fr\/wp-content\/uploads\/2024\/03\/cropped-cropped-logo-asso-isfa-removebg-preview.png\",\"width\":225,\"height\":122,\"caption\":\"Association ISFA\"},\"image\":{\"@id\":\"https:\/\/assoisfa.fr\/#\/schema\/logo\/image\/\"},\"sameAs\":[\"https:\/\/www.linkedin.com\/company\/association-isfa\"]}]}<\/script>\n<!-- \/ Yoast SEO plugin. -->","yoast_head_json":{"title":"Actualit\u00e9s - ALUMNI ISFA","robots":{"index":"index","follow":"follow","max-snippet":"max-snippet:-1","max-image-preview":"max-image-preview:large","max-video-preview":"max-video-preview:-1"},"canonical":"https:\/\/assoisfa.fr\/index.php\/actualites\/","og_locale":"fr_FR","og_type":"article","og_title":"Actualit\u00e9s - ALUMNI ISFA","og_description":"Retrouvez ici les :","og_url":"https:\/\/assoisfa.fr\/index.php\/actualites\/","og_site_name":"ALUMNI ISFA","twitter_card":"summary_large_image","twitter_misc":{"Dur\u00e9e de lecture estim\u00e9e":"1 minute"},"schema":{"@context":"https:\/\/schema.org","@graph":[{"@type":"WebPage","@id":"https:\/\/assoisfa.fr\/index.php\/actualites\/","url":"https:\/\/assoisfa.fr\/index.php\/actualites\/","name":"Actualit\u00e9s - ALUMNI ISFA","isPartOf":{"@id":"https:\/\/assoisfa.fr\/#website"},"datePublished":"2024-02-23T14:40:50+00:00","breadcrumb":{"@id":"https:\/\/assoisfa.fr\/index.php\/actualites\/#breadcrumb"},"inLanguage":"fr-FR","potentialAction":[{"@type":"ReadAction","target":["https:\/\/assoisfa.fr\/index.php\/actualites\/"]}]},{"@type":"BreadcrumbList","@id":"https:\/\/assoisfa.fr\/index.php\/actualites\/#breadcrumb","itemListElement":[{"@type":"ListItem","position":1,"name":"Accueil","item":"https:\/\/assoisfa.fr\/"},{"@type":"ListItem","position":2,"name":"Actualit\u00e9s"}]},{"@type":"WebSite","@id":"https:\/\/assoisfa.fr\/#website","url":"https:\/\/assoisfa.fr\/","name":"Site des anciens \u00e9l\u00e8ves, alumni de l'ISFA","description":"Bienvenue sur le r\u00e9seau des Alumni de l&#039;ISFA","publisher":{"@id":"https:\/\/assoisfa.fr\/#organization"},"potentialAction":[{"@type":"SearchAction","target":{"@type":"EntryPoint","urlTemplate":"https:\/\/assoisfa.fr\/?s={search_term_string}"},"query-input":{"@type":"PropertyValueSpecification","valueRequired":true,"valueName":"search_term_string"}}],"inLanguage":"fr-FR"},{"@type":"Organization","@id":"https:\/\/assoisfa.fr\/#organization","name":"Association ISFA","url":"https:\/\/assoisfa.fr\/","logo":{"@type":"ImageObject","inLanguage":"fr-FR","@id":"https:\/\/assoisfa.fr\/#\/schema\/logo\/image\/","url":"https:\/\/assoisfa.fr\/wp-content\/uploads\/2024\/03\/cropped-cropped-logo-asso-isfa-removebg-preview.png","contentUrl":"https:\/\/assoisfa.fr\/wp-content\/uploads\/2024\/03\/cropped-cropped-logo-asso-isfa-removebg-preview.png","width":225,"height":122,"caption":"Association ISFA"},"image":{"@id":"https:\/\/assoisfa.fr\/#\/schema\/logo\/image\/"},"sameAs":["https:\/\/www.linkedin.com\/company\/association-isfa"]}]}},"jetpack_sharing_enabled":true,"_links":{"self":[{"href":"https:\/\/assoisfa.fr\/index.php\/wp-json\/wp\/v2\/pages\/116","targetHints":{"allow":["GET"]}}],"collection":[{"href":"https:\/\/assoisfa.fr\/index.php\/wp-json\/wp\/v2\/pages"}],"about":[{"href":"https:\/\/assoisfa.fr\/index.php\/wp-json\/wp\/v2\/types\/page"}],"author":[{"embeddable":true,"href":"https:\/\/assoisfa.fr\/index.php\/wp-json\/wp\/v2\/users\/1"}],"replies":[{"embeddable":true,"href":"https:\/\/assoisfa.fr\/index.php\/wp-json\/wp\/v2\/comments?post=116"}],"version-history":[{"count":1,"href":"https:\/\/assoisfa.fr\/index.php\/wp-json\/wp\/v2\/pages\/116\/revisions"}],"predecessor-version":[{"id":117,"href":"https:\/\/assoisfa.fr\/index.php\/wp-json\/wp\/v2\/pages\/116\/revisions\/117"}],"wp:attachment":[{"href":"https:\/\/assoisfa.fr\/index.php\/wp-json\/wp\/v2\/media?parent=116"}],"curies":[{"name":"wp","href":"https:\/\/api.w.org\/{rel}","templated":true}]}}