{"id":146,"date":"2024-02-26T16:00:16","date_gmt":"2024-02-26T15:00:16","guid":{"rendered":"https:\/\/assoisfa.fr\/?page_id=146"},"modified":"2024-03-09T20:31:29","modified_gmt":"2024-03-09T19:31:29","slug":"mentions-legales","status":"publish","type":"page","link":"https:\/\/assoisfa.fr\/index.php\/mentions-legales\/","title":{"rendered":"Mentions l\u00e9gales"},"content":{"rendered":"\n<div style=\"margin-top:0;margin-bottom:0;height:67px\" aria-hidden=\"true\" class=\"wp-block-spacer\"><\/div>\n\n\n\n<h3 class=\"wp-block-heading has-text-align-center has-white-color has-text-color has-background has-link-color has-small-font-size wp-elements-d234b7f86da40992403162af281b2af1\" style=\"background:linear-gradient(135deg,rgb(20,21,21) 3%,rgb(194,190,197) 100%)\"><strong>INFORMATIQUE ET LIBERT\u00c9<\/strong><\/h3>\n\n\n\n<p class=\"has-small-font-size\">Conform\u00e9ment \u00e0 la loi n\u00b078-17 du 6 janvier 1978 modifi\u00e9e le 6 ao\u00fbt 2004 relative \u00e0 l&#8217;informatique, aux fichiers et aux libert\u00e9s, toute personne dont les coordonn\u00e9es figurent en ligne sur ce site dispose d&#8217;un droit d&#8217;acc\u00e8s, de modification, de rectification et de suppression des donn\u00e9es qui la concerne.<\/p>\n\n\n\n<p class=\"has-small-font-size\">Si vous souhaitez une modification ou une suppression de ces informations, identifiez-vous dans l&#8217;espace personnel qui vous est d\u00e9di\u00e9 sur le site, ou adressez-vous \u00e0 :<\/p>\n\n\n\n<p class=\"has-small-font-size\">Association ISFA  &#8211; 4 rue Chauveau-Lagarde &#8211; 75008 Paris<\/p>\n\n\n\n<p class=\"has-small-font-size\">E-mail :&nbsp;contact@assoisfa.fr <\/p>\n\n\n\n<div style=\"height:51px\" aria-hidden=\"true\" class=\"wp-block-spacer\"><\/div>\n\n\n\n<h3 class=\"wp-block-heading has-text-align-center has-white-color has-text-color has-background has-link-color has-small-font-size wp-elements-d5b0851d3415d6592e123fa31310bae0\" style=\"background:linear-gradient(135deg,rgb(0,0,0) 0%,rgb(196,195,198) 100%)\"><strong>DROITS D&#8217;AUTEUR ET COPYRIGHT&nbsp;<\/strong><\/h3>\n\n\n\n<p class=\"has-small-font-size\">La pr\u00e9sentation et le contenu du pr\u00e9sent site constituent, ensemble, une \u0153uvre prot\u00e9g\u00e9e par les lois en vigueur sur la propri\u00e9t\u00e9 intellectuelle. Aucune exploitation commerciale, reproduction, repr\u00e9sentation, utilisation, adaptation, modification, incorporation, traduction, partielle ou int\u00e9grale des \u00e9l\u00e9ments de ce site ne pourra en \u00eatre faite sans l&#8217;accord pr\u00e9alable et \u00e9crit&nbsp;de l&#8217;Association ISFA.<\/p>\n\n\n\n<div style=\"height:51px\" aria-hidden=\"true\" class=\"wp-block-spacer\"><\/div>\n\n\n\n<h3 class=\"wp-block-heading has-text-align-center has-white-color has-text-color has-background has-link-color has-small-font-size wp-elements-1049d974da07f5eb38e4f4ae70ccd2e4\" style=\"background:linear-gradient(135deg,rgb(13,13,13) 0%,rgb(175,175,175) 100%)\"><strong>PROTECTION DES DONN\u00c9ES DU SITE&nbsp;<\/strong><\/h3>\n\n\n\n<p class=\"has-small-font-size\">Les bases de donn\u00e9es du site (annuaire\u2026), sa structure g\u00e9n\u00e9rale, ainsi que les textes, images et tous les autres \u00e9l\u00e9ments composant ce site Web sont la propri\u00e9t\u00e9 exclusive de l&#8217;Association ISFA.<\/p>\n\n\n\n<p class=\"has-small-font-size\">En cons\u00e9quence, toute repr\u00e9sentation, commercialisation ou reproduction int\u00e9grale ou partielle, des pages, des donn\u00e9es et de tout autre \u00e9l\u00e9ment constitutif du site, par quelque proc\u00e9d\u00e9 ou support que ce soit, faite sans le consentement du Pr\u00e9sident de&nbsp;l&#8217;Association ISFA, est illicite (Loi du 11 mars 1957, alin\u00e9a 1er de l\u2019Article 40) et constitue, une contrefa\u00e7on sanctionn\u00e9e par les articles 425 du Code P\u00e9nal. Les demandes d&#8217;autorisation doivent \u00eatre adress\u00e9es \u00e0 l&#8217;adresse e-mail suivante :&nbsp;contact@assoisfa.fr <\/p>\n\n\n\n<div style=\"height:51px\" aria-hidden=\"true\" class=\"wp-block-spacer\"><\/div>\n\n\n\n<h3 class=\"wp-block-heading has-text-align-center has-white-color has-text-color has-background has-link-color has-small-font-size wp-elements-4eb604d08358de77e40414bd777c6ab7\" style=\"background:linear-gradient(135deg,rgb(4,4,4) 0%,rgb(161,158,158) 100%)\"><strong>ANNUAIRE DES ALUMNI&nbsp;<\/strong><\/h3>\n\n\n\n<p class=\"has-small-font-size\">Il est la propri\u00e9t\u00e9 &nbsp;de l&#8217;Association ISFA&nbsp;qui d\u00e9tient sur lui l\u2019int\u00e9gralit\u00e9 des droits de l\u2019auteur et du producteur. Toute utilisation non express\u00e9ment autoris\u00e9e par&nbsp;l&#8217;Association ISFA&nbsp;et notamment toute reproduction, repr\u00e9sentation, num\u00e9risation ou modification, de tout ou partie de l\u2019annuaire, sous quelque forme et \u00e0 quelque destination que ce soit, est interdite, sauf accord \u00e9crit, pr\u00e9alable et expr\u00e8s de l&#8217;Association ISFA.<\/p>\n\n\n\n<p class=\"has-small-font-size\">Les fichiers r\u00e9sultants ne seront jamais transmis \u00e0 des tiers et ne feront jamais l&#8217;objet d&#8217;une commercialisation.<\/p>\n\n\n\n<p class=\"has-small-font-size\">Les informations enregistr\u00e9es sont r\u00e9serv\u00e9es \u00e0 l\u2019usage de l\u2019Association&nbsp;l&#8217;Association ISFA&nbsp;et ne peuvent \u00eatre communiqu\u00e9es qu\u2019\u00e0 l\u2019\u00e9cole&nbsp;ISFA&nbsp;ou aux membres de l\u2019association \u00e0 l\u2019exclusion de tout autre tiers ext\u00e9rieur.<\/p>\n\n\n\n<p class=\"has-small-font-size\">L&#8217;Association ISFA&nbsp;ne prend aucun engagement quant \u00e0 l\u2019exactitude, et la mise \u00e0 jour des informations contenues dans l\u2019annuaire ; sa responsabilit\u00e9 ne pourra en aucun cas \u00eatre engag\u00e9e de ce fait. L&#8217;Association ISFA&nbsp;s\u2019efforce cependant de les mettre \u00e0 jour et de contr\u00f4ler r\u00e9guli\u00e8rement leur exactitude.<\/p>\n\n\n\n<div style=\"height:51px\" aria-hidden=\"true\" class=\"wp-block-spacer\"><\/div>\n\n\n\n<h3 class=\"wp-block-heading has-text-align-center has-white-color has-text-color has-background has-link-color has-small-font-size wp-elements-beccb2bffb6d8c5d3111312cd7d119d3\" style=\"background:linear-gradient(135deg,rgb(2,2,2) 0%,rgb(153,153,153) 100%)\"><strong>MODIFICATION DES MENTIONS L\u00c9GALES&nbsp;<\/strong><\/h3>\n\n\n\n<p class=\"has-small-font-size\">Les pr\u00e9sentes mentions l\u00e9gales peuvent \u00eatre modifi\u00e9es et\/ou adapt\u00e9es \u00e0 tout moment. L&#8217;Association ISFA&nbsp;vous invite \u00e0 consulter r\u00e9guli\u00e8rement ces mentions.<\/p>\n\n\n\n<div style=\"height:51px\" aria-hidden=\"true\" class=\"wp-block-spacer\"><\/div>\n","protected":false},"excerpt":{"rendered":"<p>INFORMATIQUE ET LIBERT\u00c9 Conform\u00e9ment \u00e0 la loi n\u00b078-17 du 6 janvier 1978 modifi\u00e9e le 6 ao\u00fbt 2004 relative \u00e0 l&#8217;informatique,<\/p>\n","protected":false},"author":1,"featured_media":0,"parent":0,"menu_order":0,"comment_status":"closed","ping_status":"closed","template":"","meta":{"colormag_page_container_layout":"no_sidebar_full_width","colormag_page_sidebar_layout":"no_sidebar","footnotes":""},"class_list":["post-146","page","type-page","status-publish","hentry"],"yoast_head":"<!-- This site is optimized with the Yoast SEO plugin v26.1.1 - https:\/\/yoast.com\/wordpress\/plugins\/seo\/ -->\n<title>Mentions l\u00e9gales - ALUMNI ISFA<\/title>\n<meta name=\"description\" content=\"mentions l\u00e9gales site RGPD donn\u00e9es\" \/>\n<meta name=\"robots\" content=\"index, follow, max-snippet:-1, max-image-preview:large, max-video-preview:-1\" \/>\n<link rel=\"canonical\" href=\"https:\/\/assoisfa.fr\/index.php\/mentions-legales\/\" \/>\n<meta property=\"og:locale\" content=\"fr_FR\" \/>\n<meta property=\"og:type\" content=\"article\" \/>\n<meta property=\"og:title\" content=\"Mentions l\u00e9gales - ALUMNI ISFA\" \/>\n<meta property=\"og:description\" content=\"mentions l\u00e9gales site RGPD donn\u00e9es\" \/>\n<meta property=\"og:url\" content=\"https:\/\/assoisfa.fr\/index.php\/mentions-legales\/\" \/>\n<meta property=\"og:site_name\" content=\"ALUMNI ISFA\" \/>\n<meta property=\"article:modified_time\" content=\"2024-03-09T19:31:29+00:00\" \/>\n<meta name=\"twitter:card\" content=\"summary_large_image\" \/>\n<meta name=\"twitter:label1\" content=\"Dur\u00e9e de lecture estim\u00e9e\" \/>\n\t<meta name=\"twitter:data1\" content=\"3 minutes\" \/>\n<script type=\"application\/ld+json\" class=\"yoast-schema-graph\">{\"@context\":\"https:\/\/schema.org\",\"@graph\":[{\"@type\":\"WebPage\",\"@id\":\"https:\/\/assoisfa.fr\/index.php\/mentions-legales\/\",\"url\":\"https:\/\/assoisfa.fr\/index.php\/mentions-legales\/\",\"name\":\"Mentions l\u00e9gales - ALUMNI ISFA\",\"isPartOf\":{\"@id\":\"https:\/\/assoisfa.fr\/#website\"},\"datePublished\":\"2024-02-26T15:00:16+00:00\",\"dateModified\":\"2024-03-09T19:31:29+00:00\",\"description\":\"mentions l\u00e9gales site RGPD donn\u00e9es\",\"breadcrumb\":{\"@id\":\"https:\/\/assoisfa.fr\/index.php\/mentions-legales\/#breadcrumb\"},\"inLanguage\":\"fr-FR\",\"potentialAction\":[{\"@type\":\"ReadAction\",\"target\":[\"https:\/\/assoisfa.fr\/index.php\/mentions-legales\/\"]}]},{\"@type\":\"BreadcrumbList\",\"@id\":\"https:\/\/assoisfa.fr\/index.php\/mentions-legales\/#breadcrumb\",\"itemListElement\":[{\"@type\":\"ListItem\",\"position\":1,\"name\":\"Accueil\",\"item\":\"https:\/\/assoisfa.fr\/\"},{\"@type\":\"ListItem\",\"position\":2,\"name\":\"Mentions l\u00e9gales\"}]},{\"@type\":\"WebSite\",\"@id\":\"https:\/\/assoisfa.fr\/#website\",\"url\":\"https:\/\/assoisfa.fr\/\",\"name\":\"Site des anciens \u00e9l\u00e8ves, alumni de l'ISFA\",\"description\":\"Bienvenue sur le r\u00e9seau des Alumni de l&#039;ISFA\",\"publisher\":{\"@id\":\"https:\/\/assoisfa.fr\/#organization\"},\"potentialAction\":[{\"@type\":\"SearchAction\",\"target\":{\"@type\":\"EntryPoint\",\"urlTemplate\":\"https:\/\/assoisfa.fr\/?s={search_term_string}\"},\"query-input\":{\"@type\":\"PropertyValueSpecification\",\"valueRequired\":true,\"valueName\":\"search_term_string\"}}],\"inLanguage\":\"fr-FR\"},{\"@type\":\"Organization\",\"@id\":\"https:\/\/assoisfa.fr\/#organization\",\"name\":\"Association ISFA\",\"url\":\"https:\/\/assoisfa.fr\/\",\"logo\":{\"@type\":\"ImageObject\",\"inLanguage\":\"fr-FR\",\"@id\":\"https:\/\/assoisfa.fr\/#\/schema\/logo\/image\/\",\"url\":\"https:\/\/assoisfa.fr\/wp-content\/uploads\/2024\/03\/cropped-cropped-logo-asso-isfa-removebg-preview.png\",\"contentUrl\":\"https:\/\/assoisfa.fr\/wp-content\/uploads\/2024\/03\/cropped-cropped-logo-asso-isfa-removebg-preview.png\",\"width\":225,\"height\":122,\"caption\":\"Association ISFA\"},\"image\":{\"@id\":\"https:\/\/assoisfa.fr\/#\/schema\/logo\/image\/\"},\"sameAs\":[\"https:\/\/www.linkedin.com\/company\/association-isfa\"]}]}<\/script>\n<!-- \/ Yoast SEO plugin. -->","yoast_head_json":{"title":"Mentions l\u00e9gales - ALUMNI ISFA","description":"mentions l\u00e9gales site RGPD donn\u00e9es","robots":{"index":"index","follow":"follow","max-snippet":"max-snippet:-1","max-image-preview":"max-image-preview:large","max-video-preview":"max-video-preview:-1"},"canonical":"https:\/\/assoisfa.fr\/index.php\/mentions-legales\/","og_locale":"fr_FR","og_type":"article","og_title":"Mentions l\u00e9gales - ALUMNI ISFA","og_description":"mentions l\u00e9gales site RGPD donn\u00e9es","og_url":"https:\/\/assoisfa.fr\/index.php\/mentions-legales\/","og_site_name":"ALUMNI ISFA","article_modified_time":"2024-03-09T19:31:29+00:00","twitter_card":"summary_large_image","twitter_misc":{"Dur\u00e9e de lecture estim\u00e9e":"3 minutes"},"schema":{"@context":"https:\/\/schema.org","@graph":[{"@type":"WebPage","@id":"https:\/\/assoisfa.fr\/index.php\/mentions-legales\/","url":"https:\/\/assoisfa.fr\/index.php\/mentions-legales\/","name":"Mentions l\u00e9gales - ALUMNI ISFA","isPartOf":{"@id":"https:\/\/assoisfa.fr\/#website"},"datePublished":"2024-02-26T15:00:16+00:00","dateModified":"2024-03-09T19:31:29+00:00","description":"mentions l\u00e9gales site RGPD donn\u00e9es","breadcrumb":{"@id":"https:\/\/assoisfa.fr\/index.php\/mentions-legales\/#breadcrumb"},"inLanguage":"fr-FR","potentialAction":[{"@type":"ReadAction","target":["https:\/\/assoisfa.fr\/index.php\/mentions-legales\/"]}]},{"@type":"BreadcrumbList","@id":"https:\/\/assoisfa.fr\/index.php\/mentions-legales\/#breadcrumb","itemListElement":[{"@type":"ListItem","position":1,"name":"Accueil","item":"https:\/\/assoisfa.fr\/"},{"@type":"ListItem","position":2,"name":"Mentions l\u00e9gales"}]},{"@type":"WebSite","@id":"https:\/\/assoisfa.fr\/#website","url":"https:\/\/assoisfa.fr\/","name":"Site des anciens \u00e9l\u00e8ves, alumni de l'ISFA","description":"Bienvenue sur le r\u00e9seau des Alumni de l&#039;ISFA","publisher":{"@id":"https:\/\/assoisfa.fr\/#organization"},"potentialAction":[{"@type":"SearchAction","target":{"@type":"EntryPoint","urlTemplate":"https:\/\/assoisfa.fr\/?s={search_term_string}"},"query-input":{"@type":"PropertyValueSpecification","valueRequired":true,"valueName":"search_term_string"}}],"inLanguage":"fr-FR"},{"@type":"Organization","@id":"https:\/\/assoisfa.fr\/#organization","name":"Association ISFA","url":"https:\/\/assoisfa.fr\/","logo":{"@type":"ImageObject","inLanguage":"fr-FR","@id":"https:\/\/assoisfa.fr\/#\/schema\/logo\/image\/","url":"https:\/\/assoisfa.fr\/wp-content\/uploads\/2024\/03\/cropped-cropped-logo-asso-isfa-removebg-preview.png","contentUrl":"https:\/\/assoisfa.fr\/wp-content\/uploads\/2024\/03\/cropped-cropped-logo-asso-isfa-removebg-preview.png","width":225,"height":122,"caption":"Association ISFA"},"image":{"@id":"https:\/\/assoisfa.fr\/#\/schema\/logo\/image\/"},"sameAs":["https:\/\/www.linkedin.com\/company\/association-isfa"]}]}},"jetpack_sharing_enabled":true,"_links":{"self":[{"href":"https:\/\/assoisfa.fr\/index.php\/wp-json\/wp\/v2\/pages\/146","targetHints":{"allow":["GET"]}}],"collection":[{"href":"https:\/\/assoisfa.fr\/index.php\/wp-json\/wp\/v2\/pages"}],"about":[{"href":"https:\/\/assoisfa.fr\/index.php\/wp-json\/wp\/v2\/types\/page"}],"author":[{"embeddable":true,"href":"https:\/\/assoisfa.fr\/index.php\/wp-json\/wp\/v2\/users\/1"}],"replies":[{"embeddable":true,"href":"https:\/\/assoisfa.fr\/index.php\/wp-json\/wp\/v2\/comments?post=146"}],"version-history":[{"count":7,"href":"https:\/\/assoisfa.fr\/index.php\/wp-json\/wp\/v2\/pages\/146\/revisions"}],"predecessor-version":[{"id":337,"href":"https:\/\/assoisfa.fr\/index.php\/wp-json\/wp\/v2\/pages\/146\/revisions\/337"}],"wp:attachment":[{"href":"https:\/\/assoisfa.fr\/index.php\/wp-json\/wp\/v2\/media?parent=146"}],"curies":[{"name":"wp","href":"https:\/\/api.w.org\/{rel}","templated":true}]}}