{"id":175,"date":"2024-03-01T09:07:21","date_gmt":"2024-03-01T08:07:21","guid":{"rendered":"https:\/\/assoisfa.fr\/?page_id=175"},"modified":"2024-03-07T00:30:13","modified_gmt":"2024-03-06T23:30:13","slug":"a-propos","status":"publish","type":"page","link":"https:\/\/assoisfa.fr\/index.php\/a-propos\/","title":{"rendered":"A propos"},"content":{"rendered":"\n<div style=\"height:50px\" aria-hidden=\"true\" class=\"wp-block-spacer\"><\/div>\n\n\n\n<p class=\"has-small-font-size\"><strong>L&#8217;Association ISFA a \u00e9t\u00e9 fond\u00e9e en 1933. <\/strong><\/p>\n\n\n\n<p class=\"has-small-font-size\"><strong>Son si\u00e8ge social est sis \u00e0 Paris 8\u00e8me, 4, rue Chauveau Lagarde.<\/strong><\/p>\n\n\n\n<div style=\"height:59px\" aria-hidden=\"true\" class=\"wp-block-spacer\"><\/div>\n\n\n\n<p><\/p>\n\n\n\n<div class=\"wp-block-media-text is-stacked-on-mobile\"><figure class=\"wp-block-media-text__media\"><img loading=\"lazy\" decoding=\"async\" width=\"1024\" height=\"576\" src=\"https:\/\/assoisfa.fr\/wp-content\/uploads\/2024\/03\/11046025-00fd-4eff-8c3b-9e2bc5026bea-1024x576.jpg\" alt=\"\" class=\"wp-image-230 size-full\" srcset=\"https:\/\/assoisfa.fr\/wp-content\/uploads\/2024\/03\/11046025-00fd-4eff-8c3b-9e2bc5026bea-1024x576.jpg 1024w, https:\/\/assoisfa.fr\/wp-content\/uploads\/2024\/03\/11046025-00fd-4eff-8c3b-9e2bc5026bea-300x169.jpg 300w, https:\/\/assoisfa.fr\/wp-content\/uploads\/2024\/03\/11046025-00fd-4eff-8c3b-9e2bc5026bea-768x432.jpg 768w, https:\/\/assoisfa.fr\/wp-content\/uploads\/2024\/03\/11046025-00fd-4eff-8c3b-9e2bc5026bea-1536x864.jpg 1536w, https:\/\/assoisfa.fr\/wp-content\/uploads\/2024\/03\/11046025-00fd-4eff-8c3b-9e2bc5026bea.jpg 1600w\" sizes=\"auto, (max-width: 1024px) 100vw, 1024px\" \/><\/figure><div class=\"wp-block-media-text__content\">\n<p class=\"has-text-align-center has-white-color has-text-color has-background has-link-color has-medium-font-size wp-elements-15f62889c63ec8dd9913105f9f08f6f3\" style=\"background-color:#f39f1c\"><strong>OBJECTIFS<\/strong><\/p>\n\n\n\n<p>Les objectifs majeurs exprim\u00e9s dans les statuts sont les suivants :<\/p>\n\n\n\n<ul class=\"wp-block-list\">\n<li class=\"has-small-font-size\">favoriser entre ses membres les relations amicales et d&#8217;entraide r\u00e9ciproque,<\/li>\n\n\n\n<li class=\"has-small-font-size\">maintenir et d\u00e9velopper les relations de ses membres avec l&#8217;Institut de Science Financi\u00e8re et d&#8217;Assurances de l&#8217;Universit\u00e9\u0301 Claude Bernard (Lyon 1),<\/li>\n\n\n\n<li class=\"has-small-font-size\">encourager leurs relations avec l&#8217;institut des Actuaires.<\/li>\n<\/ul>\n<\/div><\/div>\n\n\n\n<div style=\"height:56px\" aria-hidden=\"true\" class=\"wp-block-spacer\"><\/div>\n\n\n\n<div class=\"wp-block-media-text has-media-on-the-right is-stacked-on-mobile\"><div class=\"wp-block-media-text__content\">\n<p class=\"has-text-align-center has-white-color has-text-color has-background has-link-color has-medium-font-size wp-elements-cedfbd1ae9ff32938d0c21c173499e84\" style=\"background-color:#f39f1c\"><strong>FONCTIONNEMENT<\/strong><\/p>\n\n\n\n<p>Alumni ISFA est compos\u00e9 de :<\/p>\n\n\n\n<ul class=\"wp-block-list\">\n<li class=\"has-small-font-size\">8 administrateurs,<\/li>\n\n\n\n<li class=\"has-small-font-size\">Un bureau : une pr\u00e9sidente, un tr\u00e9sorier, un secr\u00e9taire.<\/li>\n<\/ul>\n<\/div><figure class=\"wp-block-media-text__media\"><img loading=\"lazy\" decoding=\"async\" width=\"1024\" height=\"425\" src=\"https:\/\/assoisfa.fr\/wp-content\/uploads\/2024\/03\/92af99cb-5d58-4f7e-aca9-36bdaf0f535b-e1709318327767-1024x425.jpg\" alt=\"\" class=\"wp-image-203 size-full\" srcset=\"https:\/\/assoisfa.fr\/wp-content\/uploads\/2024\/03\/92af99cb-5d58-4f7e-aca9-36bdaf0f535b-e1709318327767-1024x425.jpg 1024w, https:\/\/assoisfa.fr\/wp-content\/uploads\/2024\/03\/92af99cb-5d58-4f7e-aca9-36bdaf0f535b-e1709318327767-300x125.jpg 300w, https:\/\/assoisfa.fr\/wp-content\/uploads\/2024\/03\/92af99cb-5d58-4f7e-aca9-36bdaf0f535b-e1709318327767-768x319.jpg 768w, https:\/\/assoisfa.fr\/wp-content\/uploads\/2024\/03\/92af99cb-5d58-4f7e-aca9-36bdaf0f535b-e1709318327767-1536x637.jpg 1536w, https:\/\/assoisfa.fr\/wp-content\/uploads\/2024\/03\/92af99cb-5d58-4f7e-aca9-36bdaf0f535b-e1709318327767.jpg 1600w\" sizes=\"auto, (max-width: 1024px) 100vw, 1024px\" \/><\/figure><\/div>\n\n\n\n<p class=\"has-small-font-size\"><\/p>\n\n\n\n<div style=\"height:56px\" aria-hidden=\"true\" class=\"wp-block-spacer\"><\/div>\n\n\n\n<p><\/p>\n\n\n\n<div class=\"wp-block-media-text is-stacked-on-mobile\"><figure class=\"wp-block-media-text__media\"><img loading=\"lazy\" decoding=\"async\" width=\"1024\" height=\"667\" src=\"https:\/\/assoisfa.fr\/wp-content\/uploads\/2024\/03\/Capture-decran-2024-03-06-a-22.14.47-1024x667.png\" alt=\"\" class=\"wp-image-243 size-full\" srcset=\"https:\/\/assoisfa.fr\/wp-content\/uploads\/2024\/03\/Capture-decran-2024-03-06-a-22.14.47-1024x667.png 1024w, https:\/\/assoisfa.fr\/wp-content\/uploads\/2024\/03\/Capture-decran-2024-03-06-a-22.14.47-300x195.png 300w, https:\/\/assoisfa.fr\/wp-content\/uploads\/2024\/03\/Capture-decran-2024-03-06-a-22.14.47-768x500.png 768w, https:\/\/assoisfa.fr\/wp-content\/uploads\/2024\/03\/Capture-decran-2024-03-06-a-22.14.47-1536x1001.png 1536w, https:\/\/assoisfa.fr\/wp-content\/uploads\/2024\/03\/Capture-decran-2024-03-06-a-22.14.47.png 1854w\" sizes=\"auto, (max-width: 1024px) 100vw, 1024px\" \/><\/figure><div class=\"wp-block-media-text__content\">\n<p class=\"has-text-align-center has-white-color has-text-color has-background has-link-color has-medium-font-size wp-elements-ae66e721951209aa0acedbb100b1ba32\" style=\"background-color:#f39f1c\"><strong>PROJETS<\/strong><\/p>\n\n\n\n<ul class=\"wp-block-list\">\n<li class=\"has-small-font-size\">Organisation d&#8217;afterworks pour se r\u00e9unir autour d&#8217;un verre apr\u00e8s le travail,<\/li>\n\n\n\n<li class=\"has-small-font-size\">Mise en place de webinars pour parler librement,<\/li>\n\n\n\n<li class=\"has-small-font-size\">Organisation d&#8217;un d\u00e9jeuner de fin d&#8217;ann\u00e9e,<\/li>\n\n\n\n<li class=\"has-small-font-size\">Pr\u00e9sence d\u2019un stand au forum de l&#8217;\u00e9cole,<\/li>\n\n\n\n<li class=\"has-small-font-size\">Organisation de conf\u00e9rences,<\/li>\n\n\n\n<li class=\"has-small-font-size\">D\u00e9veloppement et gestion d&#8217;un site internet.<\/li>\n\n\n\n<li class=\"has-small-font-size\">P\u00e9renniser les actions men\u00e9es,<\/li>\n\n\n\n<li class=\"has-small-font-size\">Favoriser le rapprochement entre nos membres,<\/li>\n\n\n\n<li class=\"has-small-font-size\">Mieux conna\u00eetre les besoins de l&#8217;ensemble de nos dipl\u00f4m\u00e9s et les mobiliser, par l&#8217;interm\u00e9diaire de nos Associations, afin de d\u00e9velopper efficacement notre r\u00e9seau<\/li>\n<\/ul>\n<\/div><\/div>\n\n\n\n<p><\/p>\n\n\n\n<div style=\"height:100px\" aria-hidden=\"true\" class=\"wp-block-spacer\"><\/div>\n\n\n\n<div style=\"height:100px\" aria-hidden=\"true\" class=\"wp-block-spacer\"><\/div>\n","protected":false},"excerpt":{"rendered":"<p>L&#8217;Association ISFA a \u00e9t\u00e9 fond\u00e9e en 1933. Son si\u00e8ge social est sis \u00e0 Paris 8\u00e8me, 4, rue Chauveau Lagarde.<\/p>\n","protected":false},"author":4,"featured_media":0,"parent":0,"menu_order":0,"comment_status":"closed","ping_status":"closed","template":"","meta":{"colormag_page_container_layout":"no_sidebar_full_width","colormag_page_sidebar_layout":"no_sidebar","footnotes":""},"class_list":["post-175","page","type-page","status-publish","hentry"],"yoast_head":"<!-- This site is optimized with the Yoast SEO plugin v26.1.1 - https:\/\/yoast.com\/wordpress\/plugins\/seo\/ -->\n<title>A propos - ALUMNI ISFA<\/title>\n<meta name=\"robots\" content=\"index, follow, max-snippet:-1, max-image-preview:large, max-video-preview:-1\" \/>\n<link rel=\"canonical\" href=\"https:\/\/assoisfa.fr\/index.php\/a-propos\/\" \/>\n<meta property=\"og:locale\" content=\"fr_FR\" \/>\n<meta property=\"og:type\" content=\"article\" \/>\n<meta property=\"og:title\" content=\"A propos - ALUMNI ISFA\" \/>\n<meta property=\"og:description\" content=\"L&#8217;Association ISFA a \u00e9t\u00e9 fond\u00e9e en 1933. Son si\u00e8ge social est sis \u00e0 Paris 8\u00e8me, 4, rue Chauveau Lagarde.\" \/>\n<meta property=\"og:url\" content=\"https:\/\/assoisfa.fr\/index.php\/a-propos\/\" \/>\n<meta property=\"og:site_name\" content=\"ALUMNI ISFA\" \/>\n<meta property=\"article:modified_time\" content=\"2024-03-06T23:30:13+00:00\" \/>\n<meta property=\"og:image\" content=\"https:\/\/assoisfa.fr\/wp-content\/uploads\/2024\/03\/11046025-00fd-4eff-8c3b-9e2bc5026bea-1024x576.jpg\" \/>\n<meta name=\"twitter:card\" content=\"summary_large_image\" \/>\n<meta name=\"twitter:label1\" content=\"Dur\u00e9e de lecture estim\u00e9e\" \/>\n\t<meta name=\"twitter:data1\" content=\"1 minute\" \/>\n<script type=\"application\/ld+json\" class=\"yoast-schema-graph\">{\"@context\":\"https:\/\/schema.org\",\"@graph\":[{\"@type\":\"WebPage\",\"@id\":\"https:\/\/assoisfa.fr\/index.php\/a-propos\/\",\"url\":\"https:\/\/assoisfa.fr\/index.php\/a-propos\/\",\"name\":\"A propos - ALUMNI ISFA\",\"isPartOf\":{\"@id\":\"https:\/\/assoisfa.fr\/#website\"},\"primaryImageOfPage\":{\"@id\":\"https:\/\/assoisfa.fr\/index.php\/a-propos\/#primaryimage\"},\"image\":{\"@id\":\"https:\/\/assoisfa.fr\/index.php\/a-propos\/#primaryimage\"},\"thumbnailUrl\":\"https:\/\/assoisfa.fr\/wp-content\/uploads\/2024\/03\/11046025-00fd-4eff-8c3b-9e2bc5026bea-1024x576.jpg\",\"datePublished\":\"2024-03-01T08:07:21+00:00\",\"dateModified\":\"2024-03-06T23:30:13+00:00\",\"breadcrumb\":{\"@id\":\"https:\/\/assoisfa.fr\/index.php\/a-propos\/#breadcrumb\"},\"inLanguage\":\"fr-FR\",\"potentialAction\":[{\"@type\":\"ReadAction\",\"target\":[\"https:\/\/assoisfa.fr\/index.php\/a-propos\/\"]}]},{\"@type\":\"ImageObject\",\"inLanguage\":\"fr-FR\",\"@id\":\"https:\/\/assoisfa.fr\/index.php\/a-propos\/#primaryimage\",\"url\":\"https:\/\/assoisfa.fr\/wp-content\/uploads\/2024\/03\/11046025-00fd-4eff-8c3b-9e2bc5026bea.jpg\",\"contentUrl\":\"https:\/\/assoisfa.fr\/wp-content\/uploads\/2024\/03\/11046025-00fd-4eff-8c3b-9e2bc5026bea.jpg\",\"width\":1600,\"height\":900,\"caption\":\"Afterwork\"},{\"@type\":\"BreadcrumbList\",\"@id\":\"https:\/\/assoisfa.fr\/index.php\/a-propos\/#breadcrumb\",\"itemListElement\":[{\"@type\":\"ListItem\",\"position\":1,\"name\":\"Accueil\",\"item\":\"https:\/\/assoisfa.fr\/\"},{\"@type\":\"ListItem\",\"position\":2,\"name\":\"A propos\"}]},{\"@type\":\"WebSite\",\"@id\":\"https:\/\/assoisfa.fr\/#website\",\"url\":\"https:\/\/assoisfa.fr\/\",\"name\":\"Site des anciens \u00e9l\u00e8ves, alumni de l'ISFA\",\"description\":\"Bienvenue sur le r\u00e9seau des Alumni de l&#039;ISFA\",\"publisher\":{\"@id\":\"https:\/\/assoisfa.fr\/#organization\"},\"potentialAction\":[{\"@type\":\"SearchAction\",\"target\":{\"@type\":\"EntryPoint\",\"urlTemplate\":\"https:\/\/assoisfa.fr\/?s={search_term_string}\"},\"query-input\":{\"@type\":\"PropertyValueSpecification\",\"valueRequired\":true,\"valueName\":\"search_term_string\"}}],\"inLanguage\":\"fr-FR\"},{\"@type\":\"Organization\",\"@id\":\"https:\/\/assoisfa.fr\/#organization\",\"name\":\"Association ISFA\",\"url\":\"https:\/\/assoisfa.fr\/\",\"logo\":{\"@type\":\"ImageObject\",\"inLanguage\":\"fr-FR\",\"@id\":\"https:\/\/assoisfa.fr\/#\/schema\/logo\/image\/\",\"url\":\"https:\/\/assoisfa.fr\/wp-content\/uploads\/2024\/03\/cropped-cropped-logo-asso-isfa-removebg-preview.png\",\"contentUrl\":\"https:\/\/assoisfa.fr\/wp-content\/uploads\/2024\/03\/cropped-cropped-logo-asso-isfa-removebg-preview.png\",\"width\":225,\"height\":122,\"caption\":\"Association ISFA\"},\"image\":{\"@id\":\"https:\/\/assoisfa.fr\/#\/schema\/logo\/image\/\"},\"sameAs\":[\"https:\/\/www.linkedin.com\/company\/association-isfa\"]}]}<\/script>\n<!-- \/ Yoast SEO plugin. -->","yoast_head_json":{"title":"A propos - ALUMNI ISFA","robots":{"index":"index","follow":"follow","max-snippet":"max-snippet:-1","max-image-preview":"max-image-preview:large","max-video-preview":"max-video-preview:-1"},"canonical":"https:\/\/assoisfa.fr\/index.php\/a-propos\/","og_locale":"fr_FR","og_type":"article","og_title":"A propos - ALUMNI ISFA","og_description":"L&#8217;Association ISFA a \u00e9t\u00e9 fond\u00e9e en 1933. Son si\u00e8ge social est sis \u00e0 Paris 8\u00e8me, 4, rue Chauveau Lagarde.","og_url":"https:\/\/assoisfa.fr\/index.php\/a-propos\/","og_site_name":"ALUMNI ISFA","article_modified_time":"2024-03-06T23:30:13+00:00","og_image":[{"url":"https:\/\/assoisfa.fr\/wp-content\/uploads\/2024\/03\/11046025-00fd-4eff-8c3b-9e2bc5026bea-1024x576.jpg","type":"","width":"","height":""}],"twitter_card":"summary_large_image","twitter_misc":{"Dur\u00e9e de lecture estim\u00e9e":"1 minute"},"schema":{"@context":"https:\/\/schema.org","@graph":[{"@type":"WebPage","@id":"https:\/\/assoisfa.fr\/index.php\/a-propos\/","url":"https:\/\/assoisfa.fr\/index.php\/a-propos\/","name":"A propos - ALUMNI ISFA","isPartOf":{"@id":"https:\/\/assoisfa.fr\/#website"},"primaryImageOfPage":{"@id":"https:\/\/assoisfa.fr\/index.php\/a-propos\/#primaryimage"},"image":{"@id":"https:\/\/assoisfa.fr\/index.php\/a-propos\/#primaryimage"},"thumbnailUrl":"https:\/\/assoisfa.fr\/wp-content\/uploads\/2024\/03\/11046025-00fd-4eff-8c3b-9e2bc5026bea-1024x576.jpg","datePublished":"2024-03-01T08:07:21+00:00","dateModified":"2024-03-06T23:30:13+00:00","breadcrumb":{"@id":"https:\/\/assoisfa.fr\/index.php\/a-propos\/#breadcrumb"},"inLanguage":"fr-FR","potentialAction":[{"@type":"ReadAction","target":["https:\/\/assoisfa.fr\/index.php\/a-propos\/"]}]},{"@type":"ImageObject","inLanguage":"fr-FR","@id":"https:\/\/assoisfa.fr\/index.php\/a-propos\/#primaryimage","url":"https:\/\/assoisfa.fr\/wp-content\/uploads\/2024\/03\/11046025-00fd-4eff-8c3b-9e2bc5026bea.jpg","contentUrl":"https:\/\/assoisfa.fr\/wp-content\/uploads\/2024\/03\/11046025-00fd-4eff-8c3b-9e2bc5026bea.jpg","width":1600,"height":900,"caption":"Afterwork"},{"@type":"BreadcrumbList","@id":"https:\/\/assoisfa.fr\/index.php\/a-propos\/#breadcrumb","itemListElement":[{"@type":"ListItem","position":1,"name":"Accueil","item":"https:\/\/assoisfa.fr\/"},{"@type":"ListItem","position":2,"name":"A propos"}]},{"@type":"WebSite","@id":"https:\/\/assoisfa.fr\/#website","url":"https:\/\/assoisfa.fr\/","name":"Site des anciens \u00e9l\u00e8ves, alumni de l'ISFA","description":"Bienvenue sur le r\u00e9seau des Alumni de l&#039;ISFA","publisher":{"@id":"https:\/\/assoisfa.fr\/#organization"},"potentialAction":[{"@type":"SearchAction","target":{"@type":"EntryPoint","urlTemplate":"https:\/\/assoisfa.fr\/?s={search_term_string}"},"query-input":{"@type":"PropertyValueSpecification","valueRequired":true,"valueName":"search_term_string"}}],"inLanguage":"fr-FR"},{"@type":"Organization","@id":"https:\/\/assoisfa.fr\/#organization","name":"Association ISFA","url":"https:\/\/assoisfa.fr\/","logo":{"@type":"ImageObject","inLanguage":"fr-FR","@id":"https:\/\/assoisfa.fr\/#\/schema\/logo\/image\/","url":"https:\/\/assoisfa.fr\/wp-content\/uploads\/2024\/03\/cropped-cropped-logo-asso-isfa-removebg-preview.png","contentUrl":"https:\/\/assoisfa.fr\/wp-content\/uploads\/2024\/03\/cropped-cropped-logo-asso-isfa-removebg-preview.png","width":225,"height":122,"caption":"Association ISFA"},"image":{"@id":"https:\/\/assoisfa.fr\/#\/schema\/logo\/image\/"},"sameAs":["https:\/\/www.linkedin.com\/company\/association-isfa"]}]}},"jetpack_sharing_enabled":true,"_links":{"self":[{"href":"https:\/\/assoisfa.fr\/index.php\/wp-json\/wp\/v2\/pages\/175","targetHints":{"allow":["GET"]}}],"collection":[{"href":"https:\/\/assoisfa.fr\/index.php\/wp-json\/wp\/v2\/pages"}],"about":[{"href":"https:\/\/assoisfa.fr\/index.php\/wp-json\/wp\/v2\/types\/page"}],"author":[{"embeddable":true,"href":"https:\/\/assoisfa.fr\/index.php\/wp-json\/wp\/v2\/users\/4"}],"replies":[{"embeddable":true,"href":"https:\/\/assoisfa.fr\/index.php\/wp-json\/wp\/v2\/comments?post=175"}],"version-history":[{"count":42,"href":"https:\/\/assoisfa.fr\/index.php\/wp-json\/wp\/v2\/pages\/175\/revisions"}],"predecessor-version":[{"id":277,"href":"https:\/\/assoisfa.fr\/index.php\/wp-json\/wp\/v2\/pages\/175\/revisions\/277"}],"wp:attachment":[{"href":"https:\/\/assoisfa.fr\/index.php\/wp-json\/wp\/v2\/media?parent=175"}],"curies":[{"name":"wp","href":"https:\/\/api.w.org\/{rel}","templated":true}]}}