{"id":2,"date":"2024-02-17T16:07:16","date_gmt":"2024-02-17T15:07:16","guid":{"rendered":"http:\/\/assoisfa.comicszone.fr\/?page_id=2"},"modified":"2024-04-08T01:58:51","modified_gmt":"2024-04-07T23:58:51","slug":"accueil","status":"publish","type":"page","link":"https:\/\/assoisfa.fr\/","title":{"rendered":"Accueil"},"content":{"rendered":"\n<p>Bienvenue sur le site de l&#8217;Association ISFA, l&#8217;association des alumni de l&#8217;Institut de Science Financi\u00e8re et d&#8217;Assurances.<\/p>\n\n\n\n<div class=\"wp-block-jetpack-slideshow aligncenter\" data-autoplay=\"true\" data-delay=\"4\" data-effect=\"slide\"><div class=\"wp-block-jetpack-slideshow_container swiper-container\"><ul class=\"wp-block-jetpack-slideshow_swiper-wrapper swiper-wrapper\"><li class=\"wp-block-jetpack-slideshow_slide swiper-slide\"><figure><img loading=\"lazy\" decoding=\"async\" width=\"1024\" height=\"461\" alt=\"\" class=\"wp-block-jetpack-slideshow_image wp-image-366\" data-id=\"366\" src=\"https:\/\/assoisfa.fr\/wp-content\/uploads\/2024\/04\/118f6a8c-782f-4ac7-985b-0f296c76c4c9-1024x461.jpg\" srcset=\"https:\/\/assoisfa.fr\/wp-content\/uploads\/2024\/04\/118f6a8c-782f-4ac7-985b-0f296c76c4c9-1024x461.jpg 1024w, https:\/\/assoisfa.fr\/wp-content\/uploads\/2024\/04\/118f6a8c-782f-4ac7-985b-0f296c76c4c9-300x135.jpg 300w, https:\/\/assoisfa.fr\/wp-content\/uploads\/2024\/04\/118f6a8c-782f-4ac7-985b-0f296c76c4c9-768x346.jpg 768w, https:\/\/assoisfa.fr\/wp-content\/uploads\/2024\/04\/118f6a8c-782f-4ac7-985b-0f296c76c4c9-1536x692.jpg 1536w, https:\/\/assoisfa.fr\/wp-content\/uploads\/2024\/04\/118f6a8c-782f-4ac7-985b-0f296c76c4c9-2048x922.jpg 2048w\" sizes=\"auto, (max-width: 1024px) 100vw, 1024px\" \/><\/figure><\/li><li class=\"wp-block-jetpack-slideshow_slide swiper-slide\"><figure><img loading=\"lazy\" decoding=\"async\" width=\"1024\" height=\"356\" alt=\"\" class=\"wp-block-jetpack-slideshow_image wp-image-254\" data-id=\"254\" src=\"https:\/\/assoisfa.fr\/wp-content\/uploads\/2024\/03\/Capture-decran-2024-03-06-a-22.33.38-1024x356.png\" srcset=\"https:\/\/assoisfa.fr\/wp-content\/uploads\/2024\/03\/Capture-decran-2024-03-06-a-22.33.38-1024x356.png 1024w, https:\/\/assoisfa.fr\/wp-content\/uploads\/2024\/03\/Capture-decran-2024-03-06-a-22.33.38-300x104.png 300w, https:\/\/assoisfa.fr\/wp-content\/uploads\/2024\/03\/Capture-decran-2024-03-06-a-22.33.38-768x267.png 768w, https:\/\/assoisfa.fr\/wp-content\/uploads\/2024\/03\/Capture-decran-2024-03-06-a-22.33.38-1536x533.png 1536w, https:\/\/assoisfa.fr\/wp-content\/uploads\/2024\/03\/Capture-decran-2024-03-06-a-22.33.38.png 2022w\" sizes=\"auto, (max-width: 1024px) 100vw, 1024px\" \/><\/figure><\/li><li class=\"wp-block-jetpack-slideshow_slide swiper-slide\"><figure><img loading=\"lazy\" decoding=\"async\" width=\"1024\" height=\"363\" alt=\"\" class=\"wp-block-jetpack-slideshow_image wp-image-255\" data-id=\"255\" src=\"https:\/\/assoisfa.fr\/wp-content\/uploads\/2024\/03\/Capture-decran-2024-03-06-a-22.32.46-1024x363.png\" srcset=\"https:\/\/assoisfa.fr\/wp-content\/uploads\/2024\/03\/Capture-decran-2024-03-06-a-22.32.46-1024x363.png 1024w, https:\/\/assoisfa.fr\/wp-content\/uploads\/2024\/03\/Capture-decran-2024-03-06-a-22.32.46-300x106.png 300w, https:\/\/assoisfa.fr\/wp-content\/uploads\/2024\/03\/Capture-decran-2024-03-06-a-22.32.46-768x272.png 768w, https:\/\/assoisfa.fr\/wp-content\/uploads\/2024\/03\/Capture-decran-2024-03-06-a-22.32.46-1536x544.png 1536w, https:\/\/assoisfa.fr\/wp-content\/uploads\/2024\/03\/Capture-decran-2024-03-06-a-22.32.46.png 1966w\" sizes=\"auto, (max-width: 1024px) 100vw, 1024px\" \/><\/figure><\/li><\/ul><a class=\"wp-block-jetpack-slideshow_button-prev swiper-button-prev swiper-button-white\" role=\"button\"><\/a><a class=\"wp-block-jetpack-slideshow_button-next swiper-button-next swiper-button-white\" role=\"button\"><\/a><a aria-label=\"Pause Slideshow\" class=\"wp-block-jetpack-slideshow_button-pause\" role=\"button\"><\/a><div class=\"wp-block-jetpack-slideshow_pagination swiper-pagination swiper-pagination-white\"><\/div><\/div><\/div>\n\n\n\n<p>L&#8217;association qui existe depuis des d\u00e9cennies regroupe les anciens \u00e9l\u00e8ves et organise des manifestations de convivialit\u00e9. Elle est \u00e9galement un soutien \u00e0 l&#8217;\u00e9cole et ses projets.<\/p>\n\n\n\n<blockquote class=\"wp-block-quote has-background is-layout-flow wp-block-quote-is-layout-flow\" style=\"background-color:#f39f1c\">\n<p>Accompagner l&#8217;\u00e9cole dans son d\u00e9veloppement et faire vivre le r\u00e9seau d&#8217;anciens dans un cadre convivial.<\/p>\n<cite>Keren Abbou, pr\u00e9sidente<\/cite><\/blockquote>\n\n\n\n<p>Si vous \u00eates un ancien \u00e9l\u00e8ve, vous \u00eates invit\u00e9 \u00e0 vous inscrire <a href=\"https:\/\/assoisfa.fr\/index.php\/register\/\">ici<\/a>.<\/p>\n","protected":false},"excerpt":{"rendered":"<p>Bienvenue sur le site de l&#8217;Association ISFA, l&#8217;association des alumni de l&#8217;Institut de Science Financi\u00e8re et d&#8217;Assurances. L&#8217;association qui existe<\/p>\n","protected":false},"author":1,"featured_media":0,"parent":0,"menu_order":0,"comment_status":"closed","ping_status":"open","template":"","meta":{"colormag_page_container_layout":"default_layout","colormag_page_sidebar_layout":"default_layout","footnotes":""},"class_list":["post-2","page","type-page","status-publish","hentry"],"yoast_head":"<!-- This site is optimized with the Yoast SEO plugin v26.1.1 - https:\/\/yoast.com\/wordpress\/plugins\/seo\/ -->\n<title>Accueil - ALUMNI ISFA<\/title>\n<meta name=\"robots\" content=\"index, follow, max-snippet:-1, max-image-preview:large, max-video-preview:-1\" \/>\n<link rel=\"canonical\" href=\"https:\/\/assoisfa.fr\/\" \/>\n<meta property=\"og:locale\" content=\"fr_FR\" \/>\n<meta property=\"og:type\" content=\"article\" \/>\n<meta property=\"og:title\" content=\"Accueil - ALUMNI ISFA\" \/>\n<meta property=\"og:description\" content=\"Bienvenue sur le site de l&#8217;Association ISFA, l&#8217;association des alumni de l&#8217;Institut de Science Financi\u00e8re et d&#8217;Assurances. L&#8217;association qui existe\" \/>\n<meta property=\"og:url\" content=\"https:\/\/assoisfa.fr\/\" \/>\n<meta property=\"og:site_name\" content=\"ALUMNI ISFA\" \/>\n<meta property=\"article:modified_time\" content=\"2024-04-07T23:58:51+00:00\" \/>\n<meta property=\"og:image\" content=\"https:\/\/assoisfa.fr\/wp-content\/uploads\/2024\/04\/118f6a8c-782f-4ac7-985b-0f296c76c4c9-1024x461.jpg\" \/>\n<meta name=\"twitter:card\" content=\"summary_large_image\" \/>\n<meta name=\"twitter:label1\" content=\"Dur\u00e9e de lecture estim\u00e9e\" \/>\n\t<meta name=\"twitter:data1\" content=\"1 minute\" \/>\n<script type=\"application\/ld+json\" class=\"yoast-schema-graph\">{\"@context\":\"https:\/\/schema.org\",\"@graph\":[{\"@type\":\"WebPage\",\"@id\":\"https:\/\/assoisfa.fr\/\",\"url\":\"https:\/\/assoisfa.fr\/\",\"name\":\"Accueil - ALUMNI ISFA\",\"isPartOf\":{\"@id\":\"https:\/\/assoisfa.fr\/#website\"},\"primaryImageOfPage\":{\"@id\":\"https:\/\/assoisfa.fr\/#primaryimage\"},\"image\":{\"@id\":\"https:\/\/assoisfa.fr\/#primaryimage\"},\"thumbnailUrl\":\"https:\/\/assoisfa.fr\/wp-content\/uploads\/2024\/04\/118f6a8c-782f-4ac7-985b-0f296c76c4c9-1024x461.jpg\",\"datePublished\":\"2024-02-17T15:07:16+00:00\",\"dateModified\":\"2024-04-07T23:58:51+00:00\",\"breadcrumb\":{\"@id\":\"https:\/\/assoisfa.fr\/#breadcrumb\"},\"inLanguage\":\"fr-FR\",\"potentialAction\":[{\"@type\":\"ReadAction\",\"target\":[\"https:\/\/assoisfa.fr\/\"]}]},{\"@type\":\"ImageObject\",\"inLanguage\":\"fr-FR\",\"@id\":\"https:\/\/assoisfa.fr\/#primaryimage\",\"url\":\"https:\/\/assoisfa.fr\/wp-content\/uploads\/2024\/04\/118f6a8c-782f-4ac7-985b-0f296c76c4c9-scaled.jpg\",\"contentUrl\":\"https:\/\/assoisfa.fr\/wp-content\/uploads\/2024\/04\/118f6a8c-782f-4ac7-985b-0f296c76c4c9-scaled.jpg\",\"width\":2560,\"height\":1153},{\"@type\":\"BreadcrumbList\",\"@id\":\"https:\/\/assoisfa.fr\/#breadcrumb\",\"itemListElement\":[{\"@type\":\"ListItem\",\"position\":1,\"name\":\"Accueil\",\"item\":\"https:\/\/assoisfa.fr\/\"},{\"@type\":\"ListItem\",\"position\":2,\"name\":\"Accueil\"}]},{\"@type\":\"WebSite\",\"@id\":\"https:\/\/assoisfa.fr\/#website\",\"url\":\"https:\/\/assoisfa.fr\/\",\"name\":\"Site des anciens \u00e9l\u00e8ves, alumni de l'ISFA\",\"description\":\"Bienvenue sur le r\u00e9seau des Alumni de l&#039;ISFA\",\"publisher\":{\"@id\":\"https:\/\/assoisfa.fr\/#organization\"},\"potentialAction\":[{\"@type\":\"SearchAction\",\"target\":{\"@type\":\"EntryPoint\",\"urlTemplate\":\"https:\/\/assoisfa.fr\/?s={search_term_string}\"},\"query-input\":{\"@type\":\"PropertyValueSpecification\",\"valueRequired\":true,\"valueName\":\"search_term_string\"}}],\"inLanguage\":\"fr-FR\"},{\"@type\":\"Organization\",\"@id\":\"https:\/\/assoisfa.fr\/#organization\",\"name\":\"Association ISFA\",\"url\":\"https:\/\/assoisfa.fr\/\",\"logo\":{\"@type\":\"ImageObject\",\"inLanguage\":\"fr-FR\",\"@id\":\"https:\/\/assoisfa.fr\/#\/schema\/logo\/image\/\",\"url\":\"https:\/\/assoisfa.fr\/wp-content\/uploads\/2024\/03\/cropped-cropped-logo-asso-isfa-removebg-preview.png\",\"contentUrl\":\"https:\/\/assoisfa.fr\/wp-content\/uploads\/2024\/03\/cropped-cropped-logo-asso-isfa-removebg-preview.png\",\"width\":225,\"height\":122,\"caption\":\"Association ISFA\"},\"image\":{\"@id\":\"https:\/\/assoisfa.fr\/#\/schema\/logo\/image\/\"},\"sameAs\":[\"https:\/\/www.linkedin.com\/company\/association-isfa\"]}]}<\/script>\n<!-- \/ Yoast SEO plugin. -->","yoast_head_json":{"title":"Accueil - ALUMNI ISFA","robots":{"index":"index","follow":"follow","max-snippet":"max-snippet:-1","max-image-preview":"max-image-preview:large","max-video-preview":"max-video-preview:-1"},"canonical":"https:\/\/assoisfa.fr\/","og_locale":"fr_FR","og_type":"article","og_title":"Accueil - ALUMNI ISFA","og_description":"Bienvenue sur le site de l&#8217;Association ISFA, l&#8217;association des alumni de l&#8217;Institut de Science Financi\u00e8re et d&#8217;Assurances. L&#8217;association qui existe","og_url":"https:\/\/assoisfa.fr\/","og_site_name":"ALUMNI ISFA","article_modified_time":"2024-04-07T23:58:51+00:00","og_image":[{"url":"https:\/\/assoisfa.fr\/wp-content\/uploads\/2024\/04\/118f6a8c-782f-4ac7-985b-0f296c76c4c9-1024x461.jpg","type":"","width":"","height":""}],"twitter_card":"summary_large_image","twitter_misc":{"Dur\u00e9e de lecture estim\u00e9e":"1 minute"},"schema":{"@context":"https:\/\/schema.org","@graph":[{"@type":"WebPage","@id":"https:\/\/assoisfa.fr\/","url":"https:\/\/assoisfa.fr\/","name":"Accueil - ALUMNI ISFA","isPartOf":{"@id":"https:\/\/assoisfa.fr\/#website"},"primaryImageOfPage":{"@id":"https:\/\/assoisfa.fr\/#primaryimage"},"image":{"@id":"https:\/\/assoisfa.fr\/#primaryimage"},"thumbnailUrl":"https:\/\/assoisfa.fr\/wp-content\/uploads\/2024\/04\/118f6a8c-782f-4ac7-985b-0f296c76c4c9-1024x461.jpg","datePublished":"2024-02-17T15:07:16+00:00","dateModified":"2024-04-07T23:58:51+00:00","breadcrumb":{"@id":"https:\/\/assoisfa.fr\/#breadcrumb"},"inLanguage":"fr-FR","potentialAction":[{"@type":"ReadAction","target":["https:\/\/assoisfa.fr\/"]}]},{"@type":"ImageObject","inLanguage":"fr-FR","@id":"https:\/\/assoisfa.fr\/#primaryimage","url":"https:\/\/assoisfa.fr\/wp-content\/uploads\/2024\/04\/118f6a8c-782f-4ac7-985b-0f296c76c4c9-scaled.jpg","contentUrl":"https:\/\/assoisfa.fr\/wp-content\/uploads\/2024\/04\/118f6a8c-782f-4ac7-985b-0f296c76c4c9-scaled.jpg","width":2560,"height":1153},{"@type":"BreadcrumbList","@id":"https:\/\/assoisfa.fr\/#breadcrumb","itemListElement":[{"@type":"ListItem","position":1,"name":"Accueil","item":"https:\/\/assoisfa.fr\/"},{"@type":"ListItem","position":2,"name":"Accueil"}]},{"@type":"WebSite","@id":"https:\/\/assoisfa.fr\/#website","url":"https:\/\/assoisfa.fr\/","name":"Site des anciens \u00e9l\u00e8ves, alumni de l'ISFA","description":"Bienvenue sur le r\u00e9seau des Alumni de l&#039;ISFA","publisher":{"@id":"https:\/\/assoisfa.fr\/#organization"},"potentialAction":[{"@type":"SearchAction","target":{"@type":"EntryPoint","urlTemplate":"https:\/\/assoisfa.fr\/?s={search_term_string}"},"query-input":{"@type":"PropertyValueSpecification","valueRequired":true,"valueName":"search_term_string"}}],"inLanguage":"fr-FR"},{"@type":"Organization","@id":"https:\/\/assoisfa.fr\/#organization","name":"Association ISFA","url":"https:\/\/assoisfa.fr\/","logo":{"@type":"ImageObject","inLanguage":"fr-FR","@id":"https:\/\/assoisfa.fr\/#\/schema\/logo\/image\/","url":"https:\/\/assoisfa.fr\/wp-content\/uploads\/2024\/03\/cropped-cropped-logo-asso-isfa-removebg-preview.png","contentUrl":"https:\/\/assoisfa.fr\/wp-content\/uploads\/2024\/03\/cropped-cropped-logo-asso-isfa-removebg-preview.png","width":225,"height":122,"caption":"Association ISFA"},"image":{"@id":"https:\/\/assoisfa.fr\/#\/schema\/logo\/image\/"},"sameAs":["https:\/\/www.linkedin.com\/company\/association-isfa"]}]}},"jetpack_sharing_enabled":true,"_links":{"self":[{"href":"https:\/\/assoisfa.fr\/index.php\/wp-json\/wp\/v2\/pages\/2","targetHints":{"allow":["GET"]}}],"collection":[{"href":"https:\/\/assoisfa.fr\/index.php\/wp-json\/wp\/v2\/pages"}],"about":[{"href":"https:\/\/assoisfa.fr\/index.php\/wp-json\/wp\/v2\/types\/page"}],"author":[{"embeddable":true,"href":"https:\/\/assoisfa.fr\/index.php\/wp-json\/wp\/v2\/users\/1"}],"replies":[{"embeddable":true,"href":"https:\/\/assoisfa.fr\/index.php\/wp-json\/wp\/v2\/comments?post=2"}],"version-history":[{"count":8,"href":"https:\/\/assoisfa.fr\/index.php\/wp-json\/wp\/v2\/pages\/2\/revisions"}],"predecessor-version":[{"id":367,"href":"https:\/\/assoisfa.fr\/index.php\/wp-json\/wp\/v2\/pages\/2\/revisions\/367"}],"wp:attachment":[{"href":"https:\/\/assoisfa.fr\/index.php\/wp-json\/wp\/v2\/media?parent=2"}],"curies":[{"name":"wp","href":"https:\/\/api.w.org\/{rel}","templated":true}]}}