{"id":299,"date":"2024-03-07T16:59:52","date_gmt":"2024-03-07T15:59:52","guid":{"rendered":"https:\/\/assoisfa.fr\/?page_id=299"},"modified":"2024-04-10T15:25:12","modified_gmt":"2024-04-10T13:25:12","slug":"administrateurs","status":"publish","type":"page","link":"https:\/\/assoisfa.fr\/index.php\/administrateurs\/","title":{"rendered":"Administrateurs"},"content":{"rendered":"\n<div class=\"wp-block-media-text is-stacked-on-mobile\"><figure class=\"wp-block-media-text__media\"><a href=\"https:\/\/www.linkedin.com\/in\/keren-abbou\/\"><img loading=\"lazy\" decoding=\"async\" width=\"1024\" height=\"1024\" src=\"https:\/\/assoisfa.fr\/wp-content\/uploads\/2024\/03\/Design-sans-titre-2-1024x1024.jpg\" alt=\"\" class=\"wp-image-301 size-full\" srcset=\"https:\/\/assoisfa.fr\/wp-content\/uploads\/2024\/03\/Design-sans-titre-2-1024x1024.jpg 1024w, https:\/\/assoisfa.fr\/wp-content\/uploads\/2024\/03\/Design-sans-titre-2-300x300.jpg 300w, https:\/\/assoisfa.fr\/wp-content\/uploads\/2024\/03\/Design-sans-titre-2-150x150.jpg 150w, https:\/\/assoisfa.fr\/wp-content\/uploads\/2024\/03\/Design-sans-titre-2-768x768.jpg 768w, https:\/\/assoisfa.fr\/wp-content\/uploads\/2024\/03\/Design-sans-titre-2.jpg 1080w\" sizes=\"auto, (max-width: 1024px) 100vw, 1024px\" \/><\/a><\/figure><div class=\"wp-block-media-text__content\">\n<p class=\"has-text-color has-link-color wp-elements-7e0af5bef366e196d5b31aa246941f97\" style=\"color:#148412\"><strong>Keren ABBOU<\/strong> &#8211; ISFA 2020 &#8211; Master Eco Stat et Actuariat, Pr\u00e9sidente<\/p>\n\n\n\n<p>Je travaille en tant que consultante chez Seabird, un cabinet de conseil sp\u00e9cialis\u00e9 dans les secteurs de l&#8217;assurance et de la banque.<\/p>\n\n\n\n<p>Pour moi, l&#8217;association a pour objectif d&#8217;accompagner l\u2019\u00e9cole dans son d\u00e9veloppement et faire vivre le r\u00e9seau d\u2019anciens dans un cadre convivial.<\/p>\n<\/div><\/div>\n\n\n\n<div class=\"wp-block-media-text is-stacked-on-mobile\"><figure class=\"wp-block-media-text__media\"><a href=\"https:\/\/www.linkedin.com\/in\/m\u00e9lanie-guerin-brisson-0bb7474b\/\"><img loading=\"lazy\" decoding=\"async\" width=\"1024\" height=\"1024\" src=\"https:\/\/assoisfa.fr\/wp-content\/uploads\/2024\/03\/Design-sans-titre-7-1024x1024.jpg\" alt=\"\" class=\"wp-image-307 size-full\" srcset=\"https:\/\/assoisfa.fr\/wp-content\/uploads\/2024\/03\/Design-sans-titre-7-1024x1024.jpg 1024w, https:\/\/assoisfa.fr\/wp-content\/uploads\/2024\/03\/Design-sans-titre-7-300x300.jpg 300w, https:\/\/assoisfa.fr\/wp-content\/uploads\/2024\/03\/Design-sans-titre-7-150x150.jpg 150w, https:\/\/assoisfa.fr\/wp-content\/uploads\/2024\/03\/Design-sans-titre-7-768x768.jpg 768w, https:\/\/assoisfa.fr\/wp-content\/uploads\/2024\/03\/Design-sans-titre-7.jpg 1080w\" sizes=\"auto, (max-width: 1024px) 100vw, 1024px\" \/><\/a><\/figure><div class=\"wp-block-media-text__content\">\n<p class=\"has-text-color has-link-color wp-elements-204a52610d75c38d4a71fa981bcf8eab\" style=\"color:#148412\"><strong>M\u00e9lanie GUERIN<\/strong> \u2013 ISFA 2014 &#8211; Master Actuariat, vice-pr\u00e9sidente<\/p>\n\n\n\n<p>J&#8217;ai rejoint CNP Assurances fin 2023 pour construire le cabinet de conseil interne bas\u00e9 \u00e0 Angers. <\/p>\n\n\n\n<p>L\u2019association ISFA, c\u2019est pour moi le moyen de faire rayonner la diversit\u00e9 des carri\u00e8res emprunter par les anciens pour inspirer et aider les autres \u00e0 s\u2019orienter.<\/p>\n<\/div><\/div>\n\n\n\n<!--more-->\n\n\n\n<div class=\"wp-block-media-text is-stacked-on-mobile\"><figure class=\"wp-block-media-text__media\"><img loading=\"lazy\" decoding=\"async\" width=\"1024\" height=\"1024\" src=\"https:\/\/assoisfa.fr\/wp-content\/uploads\/2024\/03\/Design-sans-titre-6-1024x1024.jpg\" alt=\"\" class=\"wp-image-305 size-full\" srcset=\"https:\/\/assoisfa.fr\/wp-content\/uploads\/2024\/03\/Design-sans-titre-6-1024x1024.jpg 1024w, https:\/\/assoisfa.fr\/wp-content\/uploads\/2024\/03\/Design-sans-titre-6-300x300.jpg 300w, https:\/\/assoisfa.fr\/wp-content\/uploads\/2024\/03\/Design-sans-titre-6-150x150.jpg 150w, https:\/\/assoisfa.fr\/wp-content\/uploads\/2024\/03\/Design-sans-titre-6-768x768.jpg 768w, https:\/\/assoisfa.fr\/wp-content\/uploads\/2024\/03\/Design-sans-titre-6.jpg 1080w\" sizes=\"auto, (max-width: 1024px) 100vw, 1024px\" \/><\/figure><div class=\"wp-block-media-text__content\">\n<p class=\"has-text-color has-link-color wp-elements-a6753a318abb1fcdbe15a2c0a6646670\" style=\"color:#148412\"><strong>Cyril BARRITAUD<\/strong> &#8211; ISFA 2003- Actuaire IA, tr\u00e9sorier<\/p>\n\n\n\n<p>J&#8217;exerce actuellement la fonction de Head of Risk Management pour trois entit\u00e9s du groupe baloise Assurance, au Luxembourg mais aussi au Liechtenstein.<\/p>\n\n\n\n<p>Si je m&#8217;investie aujourd&#8217;hui dans l&#8217;association, c&#8217;est pour permettre aux jeunes dipl\u00f4m\u00e9s de l&#8217;ISFA de b\u00e9n\u00e9ficier du m\u00eame soutien que celui sur lequel j&#8217;ai pu compter \u00e0 la sortie de l&#8217;\u00e9cole.<\/p>\n<\/div><\/div>\n\n\n\n<div class=\"wp-block-media-text is-stacked-on-mobile\"><figure class=\"wp-block-media-text__media\"><a href=\"https:\/\/www.linkedin.com\/in\/kenneth-koffi-8624b7175\/\"><img loading=\"lazy\" decoding=\"async\" width=\"1024\" height=\"1024\" src=\"https:\/\/assoisfa.fr\/wp-content\/uploads\/2024\/03\/Design-sans-titre-5-1024x1024.jpg\" alt=\"\" class=\"wp-image-304 size-full\" srcset=\"https:\/\/assoisfa.fr\/wp-content\/uploads\/2024\/03\/Design-sans-titre-5-1024x1024.jpg 1024w, https:\/\/assoisfa.fr\/wp-content\/uploads\/2024\/03\/Design-sans-titre-5-300x300.jpg 300w, https:\/\/assoisfa.fr\/wp-content\/uploads\/2024\/03\/Design-sans-titre-5-150x150.jpg 150w, https:\/\/assoisfa.fr\/wp-content\/uploads\/2024\/03\/Design-sans-titre-5-768x768.jpg 768w, https:\/\/assoisfa.fr\/wp-content\/uploads\/2024\/03\/Design-sans-titre-5.jpg 1080w\" sizes=\"auto, (max-width: 1024px) 100vw, 1024px\" \/><\/a><\/figure><div class=\"wp-block-media-text__content\">\n<p class=\"has-text-color has-link-color wp-elements-881065825ec93a4dc778d44aa5207f94\" style=\"color:#148412\"><strong>Kenneth KOFFI<\/strong> &#8211; ISFA 2021- Master Eco Stat, Secr\u00e9taire g\u00e9n\u00e9ral<\/p>\n\n\n\n<p>Je suis consultant chez Seabird.<\/p>\n\n\n\n<p>Mon objectif est de contribuer au d\u00e9veloppement du r\u00e9seau ISFA et de promouvoir un esprit de convivialit\u00e9 parmi les anciens \u00e9l\u00e8ves.<\/p>\n<\/div><\/div>\n\n\n\n<div class=\"wp-block-media-text is-stacked-on-mobile\"><figure class=\"wp-block-media-text__media\"><img loading=\"lazy\" decoding=\"async\" width=\"1024\" height=\"1024\" src=\"https:\/\/assoisfa.fr\/wp-content\/uploads\/2024\/03\/Design-sans-titre-11-1024x1024.jpg\" alt=\"\" class=\"wp-image-340 size-full\" srcset=\"https:\/\/assoisfa.fr\/wp-content\/uploads\/2024\/03\/Design-sans-titre-11-1024x1024.jpg 1024w, https:\/\/assoisfa.fr\/wp-content\/uploads\/2024\/03\/Design-sans-titre-11-300x300.jpg 300w, https:\/\/assoisfa.fr\/wp-content\/uploads\/2024\/03\/Design-sans-titre-11-150x150.jpg 150w, https:\/\/assoisfa.fr\/wp-content\/uploads\/2024\/03\/Design-sans-titre-11-768x768.jpg 768w, https:\/\/assoisfa.fr\/wp-content\/uploads\/2024\/03\/Design-sans-titre-11.jpg 1080w\" sizes=\"auto, (max-width: 1024px) 100vw, 1024px\" \/><\/figure><div class=\"wp-block-media-text__content\">\n<p class=\"has-text-color has-link-color wp-elements-48ef8a95e296103c86677eeaedfbcafe\" style=\"color:#148412\"><strong>Romaric CHALENDAR<\/strong> &#8211; ISFA 2013- Actuaire IA, Administrateur<\/p>\n\n\n\n<p>Je suis pr\u00e9sident fondateur du cabinet Castom, cabinet de conseil en solvabilit\u00e9 et durabilit\u00e9<\/p>\n\n\n\n<p>Pour moi, l&#8217;Association repr\u00e9sente un lieu convivial d&#8217;\u00e9changes et de partages entre les anciens \u00e9l\u00e8ves de l&#8217;ISFA avec une dimension d&#8217;utilit\u00e9 professionnelle.<\/p>\n<\/div><\/div>\n\n\n\n<div class=\"wp-block-media-text is-stacked-on-mobile\"><figure class=\"wp-block-media-text__media\"><img loading=\"lazy\" decoding=\"async\" width=\"1024\" height=\"1024\" src=\"https:\/\/assoisfa.fr\/wp-content\/uploads\/2024\/03\/Design-sans-titre-12-1024x1024.jpg\" alt=\"\" class=\"wp-image-342 size-full\" srcset=\"https:\/\/assoisfa.fr\/wp-content\/uploads\/2024\/03\/Design-sans-titre-12-1024x1024.jpg 1024w, https:\/\/assoisfa.fr\/wp-content\/uploads\/2024\/03\/Design-sans-titre-12-300x300.jpg 300w, https:\/\/assoisfa.fr\/wp-content\/uploads\/2024\/03\/Design-sans-titre-12-150x150.jpg 150w, https:\/\/assoisfa.fr\/wp-content\/uploads\/2024\/03\/Design-sans-titre-12-768x768.jpg 768w, https:\/\/assoisfa.fr\/wp-content\/uploads\/2024\/03\/Design-sans-titre-12.jpg 1080w\" sizes=\"auto, (max-width: 1024px) 100vw, 1024px\" \/><\/figure><div class=\"wp-block-media-text__content\">\n<p class=\"has-text-color has-link-color wp-elements-546144f8ce1a62989dee218fbba0e92a\" style=\"color:#148412\"><strong>Ty\u00a0LIM <\/strong>&#8211; ISFA 1973 &#8211; Actuaire IA, Administrateur<\/p>\n\n\n\n<p>Aujourd&#8217;hui retrait\u00e9, j&#8217;anime un r\u00e9seau des anciens d&#8217;Isfa nomm\u00e9 &#8220;Entre nous&#8221;<\/p>\n<\/div><\/div>\n\n\n\n<div class=\"wp-block-media-text is-stacked-on-mobile\"><figure class=\"wp-block-media-text__media\"><a href=\"https:\/\/www.linkedin.com\/in\/david-miseray-968484a2\/\"><img loading=\"lazy\" decoding=\"async\" width=\"1024\" height=\"1024\" src=\"https:\/\/assoisfa.fr\/wp-content\/uploads\/2024\/03\/Design-sans-titre-9-1024x1024.jpg\" alt=\"\" class=\"wp-image-308 size-full\" srcset=\"https:\/\/assoisfa.fr\/wp-content\/uploads\/2024\/03\/Design-sans-titre-9-1024x1024.jpg 1024w, https:\/\/assoisfa.fr\/wp-content\/uploads\/2024\/03\/Design-sans-titre-9-300x300.jpg 300w, https:\/\/assoisfa.fr\/wp-content\/uploads\/2024\/03\/Design-sans-titre-9-150x150.jpg 150w, https:\/\/assoisfa.fr\/wp-content\/uploads\/2024\/03\/Design-sans-titre-9-768x768.jpg 768w, https:\/\/assoisfa.fr\/wp-content\/uploads\/2024\/03\/Design-sans-titre-9.jpg 1080w\" sizes=\"auto, (max-width: 1024px) 100vw, 1024px\" \/><\/a><\/figure><div class=\"wp-block-media-text__content\">\n<p class=\"has-text-color has-link-color wp-elements-132123eec38f55b787e1e8f9cb709731\" style=\"color:#148412\"><strong>David MISERAY<\/strong> &#8211; ISFA 1994 &#8211; Actuaire IA , Administrateur<\/p>\n\n\n\n<p>Je suis Pr\u00e9sident de CNP Retraite (FRPS de CNP Assurances &#8211; France), de CNP Europe Life DAC (Irlande) et directeur de projets strat\u00e9giques au sein de la BU Partenariats France<\/p>\n\n\n\n<p><em>Tr\u00e8s attach\u00e9 \u00e0 la promotion de l\u2019excellence p\u00e9dagogique de l\u2019ISFA et des relations d\u2019entraide et d\u2019amiti\u00e9 entre les ISFAiens, j\u2019ai \u00e9t\u00e9 tr\u00e9sorier et membre du bureau de l\u2019association des anciens ISFA pendant de nombreuses ann\u00e9es. Je suis \u00e9galement membre de la Commission de Qualification de l\u2019Institut de Actuaires, l\u00e0 aussi depuis de nombreuses ann\u00e9es.<\/em><\/p>\n<\/div><\/div>\n\n\n\n<div class=\"wp-block-media-text is-stacked-on-mobile\"><figure class=\"wp-block-media-text__media\"><img loading=\"lazy\" decoding=\"async\" width=\"1024\" height=\"1024\" src=\"https:\/\/assoisfa.fr\/wp-content\/uploads\/2024\/03\/Design-sans-titre-3-1024x1024.jpg\" alt=\"\" class=\"wp-image-302 size-full\" srcset=\"https:\/\/assoisfa.fr\/wp-content\/uploads\/2024\/03\/Design-sans-titre-3-1024x1024.jpg 1024w, https:\/\/assoisfa.fr\/wp-content\/uploads\/2024\/03\/Design-sans-titre-3-300x300.jpg 300w, https:\/\/assoisfa.fr\/wp-content\/uploads\/2024\/03\/Design-sans-titre-3-150x150.jpg 150w, https:\/\/assoisfa.fr\/wp-content\/uploads\/2024\/03\/Design-sans-titre-3-768x768.jpg 768w, https:\/\/assoisfa.fr\/wp-content\/uploads\/2024\/03\/Design-sans-titre-3.jpg 1080w\" sizes=\"auto, (max-width: 1024px) 100vw, 1024px\" \/><\/figure><div class=\"wp-block-media-text__content\">\n<p class=\"has-text-color has-link-color wp-elements-e76ae91f7b25ce0820368b8935e3f70e\" style=\"color:#148412\"><strong>Pierre THEROND<\/strong> &#8211; ISFA 2003 &#8211; Actuaire IA, Administrateur<\/p>\n\n\n\n<p>Je suis Directeur Associ\u00e9 du cabinet de conseil SeaBird.<\/p>\n\n\n\n<p>Ma\u00eetre de conf\u00e9rences associ\u00e9 \u00e0 l&#8217;ISFA<\/p>\n\n\n\n<p><\/p>\n<\/div><\/div>\n\n\n\n<div class=\"wp-block-media-text is-stacked-on-mobile\"><figure class=\"wp-block-media-text__media\"><a href=\"https:\/\/www.linkedin.com\/in\/pierredevilleneuve\/\"><img loading=\"lazy\" decoding=\"async\" width=\"1024\" height=\"1024\" src=\"https:\/\/assoisfa.fr\/wp-content\/uploads\/2024\/03\/Design-sans-titre-4-1024x1024.jpg\" alt=\"\" class=\"wp-image-303 size-full\" srcset=\"https:\/\/assoisfa.fr\/wp-content\/uploads\/2024\/03\/Design-sans-titre-4-1024x1024.jpg 1024w, https:\/\/assoisfa.fr\/wp-content\/uploads\/2024\/03\/Design-sans-titre-4-300x300.jpg 300w, https:\/\/assoisfa.fr\/wp-content\/uploads\/2024\/03\/Design-sans-titre-4-150x150.jpg 150w, https:\/\/assoisfa.fr\/wp-content\/uploads\/2024\/03\/Design-sans-titre-4-768x768.jpg 768w, https:\/\/assoisfa.fr\/wp-content\/uploads\/2024\/03\/Design-sans-titre-4.jpg 1080w\" sizes=\"auto, (max-width: 1024px) 100vw, 1024px\" \/><\/a><\/figure><div class=\"wp-block-media-text__content\">\n<p class=\"has-text-color has-link-color wp-elements-8da519623398a4404b90b4b95791a87e\" style=\"color:#148412\"><strong>Pierre DE VILLENEUVE<\/strong> &#8211; ISFA 1972 &#8211; Actuaire IA, Administrateur.<\/p>\n\n\n\n<p>Repr\u00e9sentant des Alumni au conseil de l&#8217;ISFA<\/p>\n\n\n\n<p>Administrateur , pr\u00e9sident d\u2019honneur, de BNP Paribas CARDIF .&nbsp;<\/p>\n\n\n\n<p>J\u2019ai eu la chance de participer au d\u00e9veloppement de CARDIF depuis sa cr\u00e9ation en 1973 avec des responsabilit\u00e9s tr\u00e8s vari\u00e9es qui illustrent la multidisciplinarit\u00e9 de la formation d\u2019actuaires .<\/p>\n\n\n\n<p>L\u2019adh\u00e9sion \u00e0 Alumni ISFA s\u2019inscrit naturellement dans mon attachement aux \u00e9changes professionnels et amicaux entre actuaires ainsi qu\u2019aux relations entre le monde professionnel et les universit\u00e9s .&nbsp;<\/p>\n<\/div><\/div>\n","protected":false},"excerpt":{"rendered":"<p>Keren ABBOU &#8211; ISFA 2020 &#8211; Master Eco Stat et Actuariat, Pr\u00e9sidente Je travaille en tant que consultante chez Seabird,<\/p>\n","protected":false},"author":4,"featured_media":0,"parent":0,"menu_order":0,"comment_status":"closed","ping_status":"closed","template":"","meta":{"colormag_page_container_layout":"default_layout","colormag_page_sidebar_layout":"default_layout","footnotes":""},"class_list":["post-299","page","type-page","status-publish","hentry"],"yoast_head":"<!-- This site is optimized with the Yoast SEO plugin v26.1.1 - https:\/\/yoast.com\/wordpress\/plugins\/seo\/ -->\n<title>Administrateurs - ALUMNI ISFA<\/title>\n<meta name=\"robots\" content=\"index, follow, max-snippet:-1, max-image-preview:large, max-video-preview:-1\" \/>\n<link rel=\"canonical\" href=\"https:\/\/assoisfa.fr\/index.php\/administrateurs\/\" \/>\n<meta property=\"og:locale\" content=\"fr_FR\" \/>\n<meta property=\"og:type\" content=\"article\" \/>\n<meta property=\"og:title\" content=\"Administrateurs - ALUMNI ISFA\" \/>\n<meta property=\"og:description\" content=\"Keren ABBOU &#8211; ISFA 2020 &#8211; Master Eco Stat et Actuariat, Pr\u00e9sidente Je travaille en tant que consultante chez Seabird,\" \/>\n<meta property=\"og:url\" content=\"https:\/\/assoisfa.fr\/index.php\/administrateurs\/\" \/>\n<meta property=\"og:site_name\" content=\"ALUMNI ISFA\" \/>\n<meta property=\"article:modified_time\" content=\"2024-04-10T13:25:12+00:00\" \/>\n<meta property=\"og:image\" content=\"https:\/\/assoisfa.fr\/wp-content\/uploads\/2024\/03\/Design-sans-titre-2-1024x1024.jpg\" \/>\n<meta name=\"twitter:card\" content=\"summary_large_image\" \/>\n<meta name=\"twitter:label1\" content=\"Dur\u00e9e de lecture estim\u00e9e\" \/>\n\t<meta name=\"twitter:data1\" content=\"6 minutes\" \/>\n<script type=\"application\/ld+json\" class=\"yoast-schema-graph\">{\"@context\":\"https:\/\/schema.org\",\"@graph\":[{\"@type\":\"WebPage\",\"@id\":\"https:\/\/assoisfa.fr\/index.php\/administrateurs\/\",\"url\":\"https:\/\/assoisfa.fr\/index.php\/administrateurs\/\",\"name\":\"Administrateurs - ALUMNI ISFA\",\"isPartOf\":{\"@id\":\"https:\/\/assoisfa.fr\/#website\"},\"primaryImageOfPage\":{\"@id\":\"https:\/\/assoisfa.fr\/index.php\/administrateurs\/#primaryimage\"},\"image\":{\"@id\":\"https:\/\/assoisfa.fr\/index.php\/administrateurs\/#primaryimage\"},\"thumbnailUrl\":\"https:\/\/assoisfa.fr\/wp-content\/uploads\/2024\/03\/Design-sans-titre-2-1024x1024.jpg\",\"datePublished\":\"2024-03-07T15:59:52+00:00\",\"dateModified\":\"2024-04-10T13:25:12+00:00\",\"breadcrumb\":{\"@id\":\"https:\/\/assoisfa.fr\/index.php\/administrateurs\/#breadcrumb\"},\"inLanguage\":\"fr-FR\",\"potentialAction\":[{\"@type\":\"ReadAction\",\"target\":[\"https:\/\/assoisfa.fr\/index.php\/administrateurs\/\"]}]},{\"@type\":\"ImageObject\",\"inLanguage\":\"fr-FR\",\"@id\":\"https:\/\/assoisfa.fr\/index.php\/administrateurs\/#primaryimage\",\"url\":\"https:\/\/assoisfa.fr\/wp-content\/uploads\/2024\/03\/Design-sans-titre-2.jpg\",\"contentUrl\":\"https:\/\/assoisfa.fr\/wp-content\/uploads\/2024\/03\/Design-sans-titre-2.jpg\",\"width\":1080,\"height\":1080},{\"@type\":\"BreadcrumbList\",\"@id\":\"https:\/\/assoisfa.fr\/index.php\/administrateurs\/#breadcrumb\",\"itemListElement\":[{\"@type\":\"ListItem\",\"position\":1,\"name\":\"Accueil\",\"item\":\"https:\/\/assoisfa.fr\/\"},{\"@type\":\"ListItem\",\"position\":2,\"name\":\"Administrateurs\"}]},{\"@type\":\"WebSite\",\"@id\":\"https:\/\/assoisfa.fr\/#website\",\"url\":\"https:\/\/assoisfa.fr\/\",\"name\":\"Site des anciens \u00e9l\u00e8ves, alumni de l'ISFA\",\"description\":\"Bienvenue sur le r\u00e9seau des Alumni de l&#039;ISFA\",\"publisher\":{\"@id\":\"https:\/\/assoisfa.fr\/#organization\"},\"potentialAction\":[{\"@type\":\"SearchAction\",\"target\":{\"@type\":\"EntryPoint\",\"urlTemplate\":\"https:\/\/assoisfa.fr\/?s={search_term_string}\"},\"query-input\":{\"@type\":\"PropertyValueSpecification\",\"valueRequired\":true,\"valueName\":\"search_term_string\"}}],\"inLanguage\":\"fr-FR\"},{\"@type\":\"Organization\",\"@id\":\"https:\/\/assoisfa.fr\/#organization\",\"name\":\"Association ISFA\",\"url\":\"https:\/\/assoisfa.fr\/\",\"logo\":{\"@type\":\"ImageObject\",\"inLanguage\":\"fr-FR\",\"@id\":\"https:\/\/assoisfa.fr\/#\/schema\/logo\/image\/\",\"url\":\"https:\/\/assoisfa.fr\/wp-content\/uploads\/2024\/03\/cropped-cropped-logo-asso-isfa-removebg-preview.png\",\"contentUrl\":\"https:\/\/assoisfa.fr\/wp-content\/uploads\/2024\/03\/cropped-cropped-logo-asso-isfa-removebg-preview.png\",\"width\":225,\"height\":122,\"caption\":\"Association ISFA\"},\"image\":{\"@id\":\"https:\/\/assoisfa.fr\/#\/schema\/logo\/image\/\"},\"sameAs\":[\"https:\/\/www.linkedin.com\/company\/association-isfa\"]}]}<\/script>\n<!-- \/ Yoast SEO plugin. -->","yoast_head_json":{"title":"Administrateurs - ALUMNI ISFA","robots":{"index":"index","follow":"follow","max-snippet":"max-snippet:-1","max-image-preview":"max-image-preview:large","max-video-preview":"max-video-preview:-1"},"canonical":"https:\/\/assoisfa.fr\/index.php\/administrateurs\/","og_locale":"fr_FR","og_type":"article","og_title":"Administrateurs - ALUMNI ISFA","og_description":"Keren ABBOU &#8211; ISFA 2020 &#8211; Master Eco Stat et Actuariat, Pr\u00e9sidente Je travaille en tant que consultante chez Seabird,","og_url":"https:\/\/assoisfa.fr\/index.php\/administrateurs\/","og_site_name":"ALUMNI ISFA","article_modified_time":"2024-04-10T13:25:12+00:00","og_image":[{"url":"https:\/\/assoisfa.fr\/wp-content\/uploads\/2024\/03\/Design-sans-titre-2-1024x1024.jpg","type":"","width":"","height":""}],"twitter_card":"summary_large_image","twitter_misc":{"Dur\u00e9e de lecture estim\u00e9e":"6 minutes"},"schema":{"@context":"https:\/\/schema.org","@graph":[{"@type":"WebPage","@id":"https:\/\/assoisfa.fr\/index.php\/administrateurs\/","url":"https:\/\/assoisfa.fr\/index.php\/administrateurs\/","name":"Administrateurs - ALUMNI ISFA","isPartOf":{"@id":"https:\/\/assoisfa.fr\/#website"},"primaryImageOfPage":{"@id":"https:\/\/assoisfa.fr\/index.php\/administrateurs\/#primaryimage"},"image":{"@id":"https:\/\/assoisfa.fr\/index.php\/administrateurs\/#primaryimage"},"thumbnailUrl":"https:\/\/assoisfa.fr\/wp-content\/uploads\/2024\/03\/Design-sans-titre-2-1024x1024.jpg","datePublished":"2024-03-07T15:59:52+00:00","dateModified":"2024-04-10T13:25:12+00:00","breadcrumb":{"@id":"https:\/\/assoisfa.fr\/index.php\/administrateurs\/#breadcrumb"},"inLanguage":"fr-FR","potentialAction":[{"@type":"ReadAction","target":["https:\/\/assoisfa.fr\/index.php\/administrateurs\/"]}]},{"@type":"ImageObject","inLanguage":"fr-FR","@id":"https:\/\/assoisfa.fr\/index.php\/administrateurs\/#primaryimage","url":"https:\/\/assoisfa.fr\/wp-content\/uploads\/2024\/03\/Design-sans-titre-2.jpg","contentUrl":"https:\/\/assoisfa.fr\/wp-content\/uploads\/2024\/03\/Design-sans-titre-2.jpg","width":1080,"height":1080},{"@type":"BreadcrumbList","@id":"https:\/\/assoisfa.fr\/index.php\/administrateurs\/#breadcrumb","itemListElement":[{"@type":"ListItem","position":1,"name":"Accueil","item":"https:\/\/assoisfa.fr\/"},{"@type":"ListItem","position":2,"name":"Administrateurs"}]},{"@type":"WebSite","@id":"https:\/\/assoisfa.fr\/#website","url":"https:\/\/assoisfa.fr\/","name":"Site des anciens \u00e9l\u00e8ves, alumni de l'ISFA","description":"Bienvenue sur le r\u00e9seau des Alumni de l&#039;ISFA","publisher":{"@id":"https:\/\/assoisfa.fr\/#organization"},"potentialAction":[{"@type":"SearchAction","target":{"@type":"EntryPoint","urlTemplate":"https:\/\/assoisfa.fr\/?s={search_term_string}"},"query-input":{"@type":"PropertyValueSpecification","valueRequired":true,"valueName":"search_term_string"}}],"inLanguage":"fr-FR"},{"@type":"Organization","@id":"https:\/\/assoisfa.fr\/#organization","name":"Association ISFA","url":"https:\/\/assoisfa.fr\/","logo":{"@type":"ImageObject","inLanguage":"fr-FR","@id":"https:\/\/assoisfa.fr\/#\/schema\/logo\/image\/","url":"https:\/\/assoisfa.fr\/wp-content\/uploads\/2024\/03\/cropped-cropped-logo-asso-isfa-removebg-preview.png","contentUrl":"https:\/\/assoisfa.fr\/wp-content\/uploads\/2024\/03\/cropped-cropped-logo-asso-isfa-removebg-preview.png","width":225,"height":122,"caption":"Association ISFA"},"image":{"@id":"https:\/\/assoisfa.fr\/#\/schema\/logo\/image\/"},"sameAs":["https:\/\/www.linkedin.com\/company\/association-isfa"]}]}},"jetpack_sharing_enabled":true,"_links":{"self":[{"href":"https:\/\/assoisfa.fr\/index.php\/wp-json\/wp\/v2\/pages\/299","targetHints":{"allow":["GET"]}}],"collection":[{"href":"https:\/\/assoisfa.fr\/index.php\/wp-json\/wp\/v2\/pages"}],"about":[{"href":"https:\/\/assoisfa.fr\/index.php\/wp-json\/wp\/v2\/types\/page"}],"author":[{"embeddable":true,"href":"https:\/\/assoisfa.fr\/index.php\/wp-json\/wp\/v2\/users\/4"}],"replies":[{"embeddable":true,"href":"https:\/\/assoisfa.fr\/index.php\/wp-json\/wp\/v2\/comments?post=299"}],"version-history":[{"count":17,"href":"https:\/\/assoisfa.fr\/index.php\/wp-json\/wp\/v2\/pages\/299\/revisions"}],"predecessor-version":[{"id":378,"href":"https:\/\/assoisfa.fr\/index.php\/wp-json\/wp\/v2\/pages\/299\/revisions\/378"}],"wp:attachment":[{"href":"https:\/\/assoisfa.fr\/index.php\/wp-json\/wp\/v2\/media?parent=299"}],"curies":[{"name":"wp","href":"https:\/\/api.w.org\/{rel}","templated":true}]}}